{"id":601,"date":"2023-11-20T15:00:38","date_gmt":"2023-11-20T14:00:38","guid":{"rendered":"https:\/\/revenuesmiles.com\/com-puc-fer-te-somriure\/"},"modified":"2024-07-04T08:38:22","modified_gmt":"2024-07-04T06:38:22","slug":"com-puc-fer-te-somriure","status":"publish","type":"page","link":"https:\/\/revenuesmiles.com\/ca\/com-puc-fer-te-somriure\/","title":{"rendered":"Com puc fer-te SOMRIURE?"},"content":{"rendered":"<div class=\"wpb-content-wrapper\">[vc_row css_animation=&#8221;&#8221; row_type=&#8221;row&#8221; use_row_as_full_screen_section=&#8221;no&#8221; type=&#8221;full_width&#8221; angled_section=&#8221;no&#8221; text_align=&#8221;center&#8221; background_image_as_pattern=&#8221;without_pattern&#8221; z_index=&#8221;&#8221; side_padding=&#8221;3&#8243;][vc_column][vc_empty_space height=&#8221;50px&#8221;][vc_column_text]\n<h1 style=\"text-align: center;\">Plans i Serveis que et faran Somriure<\/h1>\n<p>&nbsp;<\/p>\n<h4>Descobreix com et puc fer somriure amb alguna d&#8217;aquestes solucions personalitzades dissenyades perqu\u00e8 el teu negoci tur\u00edstic brilli. Des <strong>d&#8217;estrat\u00e8gies de revenue management<\/strong> fins a serveis de <strong>m\u00e0rqueting<\/strong>, s\u00f3c aqu\u00ed per ajudar-te a assolir l&#8217;\u00e8xit i gaudir de cada pas del cam\u00ed amb un somriure.<\/h4>\n[\/vc_column_text][vc_empty_space height=&#8221;50px&#8221;][\/vc_column][\/vc_row][vc_row css_animation=&#8221;&#8221; row_type=&#8221;row&#8221; use_row_as_full_screen_section=&#8221;no&#8221; type=&#8221;full_width&#8221; angled_section=&#8221;no&#8221; text_align=&#8221;center&#8221; background_image_as_pattern=&#8221;without_pattern&#8221; z_index=&#8221;&#8221; side_padding=&#8221;13&#8243; css=&#8221;.vc_custom_1699439563652{background-color: #000000 !important;}&#8221;][vc_column][vc_empty_space height=&#8221;50px&#8221;][vc_column_text]\n<h2 style=\"text-align: center;\"><strong>PLANS<\/strong><\/h2>\n[\/vc_column_text][vc_separator type=&#8221;normal&#8221; color=&#8221;#dd3333&#8243;][vc_empty_space height=&#8221;60px&#8221;][\/vc_column][\/vc_row][vc_row css_animation=&#8221;&#8221; row_type=&#8221;row&#8221; use_row_as_full_screen_section=&#8221;no&#8221; type=&#8221;full_width&#8221; angled_section=&#8221;no&#8221; text_align=&#8221;center&#8221; background_image_as_pattern=&#8221;without_pattern&#8221; z_index=&#8221;&#8221; side_padding=&#8221;3&#8243;][vc_column][vc_empty_space height=&#8221;60px&#8221;][vc_row_inner row_type=&#8221;row&#8221; type=&#8221;full_width&#8221; text_align=&#8221;center&#8221; css_animation=&#8221;element_from_top&#8221; el_class=&#8221;justificat_baix&#8221;][vc_column_inner width=&#8221;1\/3&#8243; css=&#8221;.vc_custom_1699438095539{border-top-width: 3px !important;border-right-width: 3px !important;border-bottom-width: 3px !important;border-left-width: 3px !important;border-left-color: #dd3333 !important;border-left-style: double !important;border-right-color: #dd3333 !important;border-right-style: double !important;border-top-color: #dd3333 !important;border-top-style: double !important;border-bottom-color: #dd3333 !important;border-bottom-style: double !important;border-radius: 5px !important;}&#8221;][vc_single_image image=&#8221;529&#8243; img_size=&#8221;full&#8221; alignment=&#8221;center&#8221; qode_css_animation=&#8221;&#8221; qode_hover_animation=&#8221;zoom_in&#8221;][vc_empty_space height=&#8221;15px&#8221;][vc_column_text]\n<h3 style=\"text-align: center;\"><span style=\"color: #e20036;\"><strong>PLA SOMRIURE BRILLANT<\/strong><\/span><\/h3>\n[\/vc_column_text][vc_empty_space][vc_column_text]\n<h4 style=\"text-align: center;\">CONSULTORIA + EXECUCI\u00d3 \/ SUPERVISI\u00d3<\/h4>\n<h4 style=\"text-align: center;\">amb enfocament complet i estrat\u00e8gic.<\/h4>\n[\/vc_column_text][vc_empty_space height=&#8221;15px&#8221;][vc_column_text]\n<ul>\n<li>An\u00e0lisi de la realitat de la propietat<\/li>\n<li>An\u00e0lisi de mercat i compet\u00e8ncia<\/li>\n<li>Gesti\u00f3 de Tarifes i estrat\u00e8gies de preus<\/li>\n<li>Distribuci\u00f3 de l&#8217;inventari<\/li>\n<li>Optimitzaci\u00f3 de canals de venda<\/li>\n<li>An\u00e0lisi de segmentaci\u00f3 de clients<\/li>\n<li>Pron\u00f2stic de demanda<\/li>\n<li>Seguiment i an\u00e0lisi de dades<\/li>\n<li>Suport i assessorament<\/li>\n<\/ul>\n[\/vc_column_text][vc_empty_space][\/vc_column_inner][vc_column_inner width=&#8221;1\/3&#8243; css=&#8221;.vc_custom_1699615984909{border-top-width: 3px !important;border-right-width: 3px !important;border-bottom-width: 3px !important;border-left-width: 3px !important;border-left-color: #dd3333 !important;border-left-style: double !important;border-right-color: #dd3333 !important;border-right-style: double !important;border-top-color: #dd3333 !important;border-top-style: double !important;border-bottom-color: #dd3333 !important;border-bottom-style: double !important;border-radius: 5px !important;}&#8221;][vc_single_image image=&#8221;530&#8243; img_size=&#8221;full&#8221; alignment=&#8221;center&#8221; qode_css_animation=&#8221;&#8221; qode_hover_animation=&#8221;zoom_in&#8221;][vc_empty_space height=&#8221;15px&#8221;][vc_column_text]\n<h3 style=\"text-align: center;\"><span style=\"color: #e20036;\"><strong>PLA SOMRIURE ESSENCIAL<\/strong><\/span><\/h3>\n[\/vc_column_text][vc_empty_space][vc_column_text]\n<h4 style=\"text-align: center;\">PILARS B\u00c0SICS I ESSENCIALS<\/h4>\n<h4 style=\"text-align: center;\">de la gesti\u00f3 per a l&#8217;optimitzaci\u00f3 de la rendibilitat.<\/h4>\n[\/vc_column_text][vc_empty_space height=&#8221;15px&#8221;][vc_column_text]\n<ul>\n<li>An\u00e0lisi de la realitat de la propietat<\/li>\n<li>An\u00e0lisi de mercat i compet\u00e8ncia.<\/li>\n<li>Gesti\u00f3 de Tarifes i estrat\u00e8gies de preus<\/li>\n<li>Distribuci\u00f3 de l&#8217;inventari<\/li>\n<li>Seguiment i an\u00e0lisi de dades<\/li>\n<li>Suport i assessorament<\/li>\n<\/ul>\n[\/vc_column_text][vc_empty_space][\/vc_column_inner][vc_column_inner width=&#8221;1\/3&#8243; css=&#8221;.vc_custom_1699437989547{border-top-width: 3px !important;border-right-width: 3px !important;border-bottom-width: 3px !important;border-left-width: 3px !important;border-left-color: #dd3333 !important;border-left-style: double !important;border-right-color: #dd3333 !important;border-right-style: double !important;border-top-color: #dd3333 !important;border-top-style: double !important;border-bottom-color: #dd3333 !important;border-bottom-style: double !important;border-radius: 5px !important;}&#8221;][vc_single_image image=&#8221;534&#8243; img_size=&#8221;full&#8221; alignment=&#8221;center&#8221; qode_css_animation=&#8221;&#8221; qode_hover_animation=&#8221;zoom_in&#8221;][vc_empty_space height=&#8221;15px&#8221;][vc_column_text]\n<h3 style=\"text-align: center;\"><span style=\"color: #e20036;\"><strong>PLA SOMRIURE GUIA<br \/>\n<\/strong><\/span><\/h3>\n[\/vc_column_text][vc_empty_space][vc_column_text]\n<h4 style=\"text-align: center;\">ORIENTACI\u00d3, ASSESSORAMENT I ACOMPANYAMENT<\/h4>\n<h4 style=\"text-align: center;\">(SENSE EXECUCI\u00d3)<\/h4>\n[\/vc_column_text][vc_empty_space height=&#8221;15px&#8221;][vc_column_text]\n<ul>\n<li>Brindo orientaci\u00f3, assessorament i suport.<\/li>\n<li>Formaci\u00f3, mentoria i acompanyament.<\/li>\n<\/ul>\n[\/vc_column_text][vc_empty_space][\/vc_column_inner][\/vc_row_inner][vc_empty_space][\/vc_column][\/vc_row][vc_row css_animation=&#8221;&#8221; row_type=&#8221;row&#8221; use_row_as_full_screen_section=&#8221;no&#8221; type=&#8221;full_width&#8221; angled_section=&#8221;no&#8221; text_align=&#8221;left&#8221; background_image_as_pattern=&#8221;without_pattern&#8221; z_index=&#8221;&#8221; side_padding=&#8221;13&#8243; css=&#8221;.vc_custom_1699439695957{background-color: #000000 !important;}&#8221;][vc_column][vc_empty_space height=&#8221;50px&#8221;][vc_column_text]\n<h2 style=\"text-align: center;\"><strong>SERVEIS<\/strong><\/h2>\n[\/vc_column_text][vc_separator type=&#8221;normal&#8221; color=&#8221;#dd3333&#8243;][vc_empty_space][\/vc_column][\/vc_row][vc_row css_animation=&#8221;&#8221; row_type=&#8221;row&#8221; use_row_as_full_screen_section=&#8221;no&#8221; type=&#8221;full_width&#8221; angled_section=&#8221;no&#8221; text_align=&#8221;left&#8221; background_image_as_pattern=&#8221;without_pattern&#8221; z_index=&#8221;&#8221; side_padding=&#8221;3&#8243;][vc_column][vc_empty_space][vc_row_inner row_type=&#8221;row&#8221; type=&#8221;full_width&#8221; text_align=&#8221;center&#8221; css_animation=&#8221;element_from_top&#8221; side_padding=&#8221;3&#8243; el_class=&#8221;justificat_baix&#8221;][vc_column_inner width=&#8221;1\/4&#8243;][\/vc_column_inner][vc_column_inner width=&#8221;1\/4&#8243; css=&#8221;.vc_custom_1699437973127{border-top-width: 3px !important;border-right-width: 3px !important;border-bottom-width: 3px !important;border-left-width: 3px !important;border-left-color: #dd3333 !important;border-left-style: double !important;border-right-color: #dd3333 !important;border-right-style: double !important;border-top-color: #dd3333 !important;border-top-style: double !important;border-bottom-color: #dd3333 !important;border-bottom-style: double !important;border-radius: 5px !important;}&#8221;][vc_single_image image=&#8221;531&#8243; img_size=&#8221;full&#8221; alignment=&#8221;center&#8221; qode_css_animation=&#8221;&#8221; qode_hover_animation=&#8221;zoom_in&#8221;][vc_empty_space height=&#8221;15px&#8221;][vc_column_text]\n<h3 style=\"text-align: center;\"><span style=\"color: #e20036;\"><strong>PLA SOMRIURE EXPRESS<\/strong><\/span><\/h3>\n[\/vc_column_text][vc_empty_space][vc_column_text]\n<h4 style=\"text-align: center;\">ORIENTACI\u00d3, ASSESSORAMENT I ACOMPANYAMENT (SENSE EXECUCI\u00d3)<\/h4>\n<h4 style=\"text-align: center;\">Disponibilitat i suport.<br \/>\nSolucions r\u00e0pides i eficients en situacions urgents<br \/>\n(fora d&#8217;horari habitual)<\/h4>\n[\/vc_column_text][vc_empty_space height=&#8221;15px&#8221;][vc_column_text]\n<ul>\n<li>DISPONIBILITAT<\/li>\n<li>Assist\u00e8ncia telef\u00f2nica 24\/7<\/li>\n<li>An\u00e0lisi i resoluci\u00f3 de problemes urgents<\/li>\n<li>Suport en situacions cr\u00edtiques<\/li>\n<li>An\u00e0lisi i seguiment de resultats<\/li>\n<li>Assessorament i recomanacions personalitzades<\/li>\n<\/ul>\n[\/vc_column_text][vc_empty_space][\/vc_column_inner][vc_column_inner width=&#8221;1\/4&#8243; css=&#8221;.vc_custom_1699437989547{border-top-width: 3px !important;border-right-width: 3px !important;border-bottom-width: 3px !important;border-left-width: 3px !important;border-left-color: #dd3333 !important;border-left-style: double !important;border-right-color: #dd3333 !important;border-right-style: double !important;border-top-color: #dd3333 !important;border-top-style: double !important;border-bottom-color: #dd3333 !important;border-bottom-style: double !important;border-radius: 5px !important;}&#8221;][vc_single_image image=&#8221;532&#8243; img_size=&#8221;full&#8221; alignment=&#8221;center&#8221; qode_css_animation=&#8221;&#8221; qode_hover_animation=&#8221;zoom_in&#8221;][vc_empty_space height=&#8221;15px&#8221;][vc_column_text]\n<h3 style=\"text-align: center;\"><span style=\"color: #e20036;\"><strong>PLA SOMRIURE INC\u00d2GNIT<br \/>\n<\/strong><\/span><\/h3>\n[\/vc_column_text][vc_empty_space][vc_column_text]\n<h4 style=\"text-align: center;\">MYSTERY GUEST<\/h4>\n[\/vc_column_text][vc_empty_space height=&#8221;15px&#8221;][vc_column_text]\n<ul>\n<li>Avaluaci\u00f3 de l&#8217;experi\u00e8ncia del client<\/li>\n<li>Avaluaci\u00f3 de la qualitat del servei<\/li>\n<li>Avaluaci\u00f3 d&#8217;instal\u00b7lacions i comoditats: Es revisaran i avaluaran les instal\u00b7lacions de l&#8217;hotel, com \u00e0rees comunes, restaurants, spa, gimn\u00e0s, piscina, etc. Tamb\u00e9 s&#8217;avaluar\u00e0 la qualitat i la disponibilitat dels serveis i les comoditats oferts.<\/li>\n<li>An\u00e0lisi de l&#8217;experi\u00e8ncia gastron\u00f2mica<\/li>\n<li>Informe detallat<\/li>\n<\/ul>\n[\/vc_column_text][vc_empty_space][\/vc_column_inner][vc_column_inner width=&#8221;1\/4&#8243;][\/vc_column_inner][\/vc_row_inner][\/vc_column][\/vc_row][vc_row css_animation=&#8221;&#8221; row_type=&#8221;row&#8221; use_row_as_full_screen_section=&#8221;no&#8221; type=&#8221;full_width&#8221; angled_section=&#8221;no&#8221; text_align=&#8221;left&#8221; background_image_as_pattern=&#8221;without_pattern&#8221;][vc_column][vc_empty_space][\/vc_column][\/vc_row][vc_row css_animation=&#8221;&#8221; row_type=&#8221;row&#8221; use_row_as_full_screen_section=&#8221;no&#8221; type=&#8221;full_width&#8221; angled_section=&#8221;no&#8221; text_align=&#8221;center&#8221; background_image_as_pattern=&#8221;without_pattern&#8221; css=&#8221;.vc_custom_1699440325405{background-color: #000000 !important;}&#8221; z_index=&#8221;&#8221;][vc_column width=&#8221;1\/4&#8243;][\/vc_column][vc_column width=&#8221;1\/4&#8243;][vc_empty_space][vc_single_image image=&#8221;533&#8243; img_size=&#8221;large&#8221; qode_css_animation=&#8221;&#8221;][vc_empty_space][\/vc_column][vc_column width=&#8221;1\/4&#8243;][vc_empty_space height=&#8221;260px&#8221;]<a  itemprop=\"url\" href=\"https:\/\/revenuesmiles.com\/ca\/somriu-amb-mi\/\" target=\"_self\" data-hover-background-color=\"#000000\" data-hover-color=\"#e20036\" class=\"qbutton  large center default\" style=\"color: #000000; margin: 3px 3px 3px 3px; border-radius: 6px;-moz-border-radius: 6px;-webkit-border-radius: 6px; background-color:#e20036;\">SOMRIU AMB MI<i class=\"qode_icon_font_awesome fa fa-smile-o qode_button_icon_element\" style=\"color: #000000\"><\/i><\/a>[vc_empty_space][\/vc_column][vc_column width=&#8221;1\/4&#8243;][\/vc_column][\/vc_row]\n<\/div>","protected":false},"excerpt":{"rendered":"<p>[vc_row css_animation=&#8221;&#8221; row_type=&#8221;row&#8221; use_row_as_full_screen_section=&#8221;no&#8221; type=&#8221;full_width&#8221; angled_section=&#8221;no&#8221; text_align=&#8221;center&#8221; background_image_as_pattern=&#8221;without_pattern&#8221; z_index=&#8221;&#8221; side_padding=&#8221;3&#8243;][vc_column][vc_empty_space height=&#8221;50px&#8221;][vc_column_text] Plans i Serveis que et faran Somriure &nbsp; Descobreix com et puc fer somriure amb alguna d&#8217;aquestes solucions personalitzades dissenyades perqu\u00e8 el teu negoci tur\u00edstic brilli. Des d&#8217;estrat\u00e8gies de revenue management fins a serveis&#8230;<\/p>\n","protected":false},"author":1,"featured_media":533,"parent":0,"menu_order":0,"comment_status":"closed","ping_status":"closed","template":"full_width.php","meta":{"footnotes":""},"class_list":["post-601","page","type-page","status-publish","has-post-thumbnail","hentry"],"yoast_head":"<!-- This site is optimized with the Yoast SEO plugin v27.5 - https:\/\/yoast.com\/product\/yoast-seo-wordpress\/ -->\n<title>Com puc fer-te SOMRIURE? - Revenuesmiles<\/title>\n<meta name=\"description\" content=\"Com puc fer-te SOMRIURE?, els plans i serveis disponibles per treballar junts i incrementar el negoci.\" \/>\n<meta name=\"robots\" content=\"index, follow, max-snippet:-1, max-image-preview:large, max-video-preview:-1\" \/>\n<link rel=\"canonical\" href=\"https:\/\/revenuesmiles.com\/ca\/com-puc-fer-te-somriure\/\" \/>\n<meta property=\"og:locale\" content=\"ca_ES\" \/>\n<meta property=\"og:type\" content=\"article\" \/>\n<meta property=\"og:title\" content=\"Com puc fer-te SOMRIURE? - Revenuesmiles\" \/>\n<meta property=\"og:description\" content=\"Com puc fer-te SOMRIURE?, els plans i serveis disponibles per treballar junts i incrementar el negoci.\" \/>\n<meta property=\"og:url\" content=\"https:\/\/revenuesmiles.com\/ca\/com-puc-fer-te-somriure\/\" \/>\n<meta property=\"og:site_name\" content=\"Revenuesmiles\" \/>\n<meta property=\"article:publisher\" content=\"https:\/\/www.facebook.com\/lacaaalvo\" \/>\n<meta property=\"article:modified_time\" content=\"2024-07-04T06:38:22+00:00\" \/>\n<meta property=\"og:image\" content=\"https:\/\/revenuesmiles.com\/wp-content\/uploads\/2023\/11\/iolanda-calvo-200x300.webp\" \/>\n<meta name=\"twitter:card\" content=\"summary_large_image\" \/>\n<meta name=\"twitter:label1\" content=\"Temps estimat de lectura\" \/>\n\t<meta name=\"twitter:data1\" content=\"3 minuts\" \/>\n<script type=\"application\/ld+json\" class=\"yoast-schema-graph\">{\"@context\":\"https:\\\/\\\/schema.org\",\"@graph\":[{\"@type\":\"WebPage\",\"@id\":\"https:\\\/\\\/revenuesmiles.com\\\/ca\\\/com-puc-fer-te-somriure\\\/\",\"url\":\"https:\\\/\\\/revenuesmiles.com\\\/ca\\\/com-puc-fer-te-somriure\\\/\",\"name\":\"Com puc fer-te SOMRIURE? - Revenuesmiles\",\"isPartOf\":{\"@id\":\"https:\\\/\\\/revenuesmiles.com\\\/ca\\\/#website\"},\"primaryImageOfPage\":{\"@id\":\"https:\\\/\\\/revenuesmiles.com\\\/ca\\\/com-puc-fer-te-somriure\\\/#primaryimage\"},\"image\":{\"@id\":\"https:\\\/\\\/revenuesmiles.com\\\/ca\\\/com-puc-fer-te-somriure\\\/#primaryimage\"},\"thumbnailUrl\":\"https:\\\/\\\/revenuesmiles.com\\\/wp-content\\\/uploads\\\/2023\\\/11\\\/iolanda-calvo.webp\",\"datePublished\":\"2023-11-20T14:00:38+00:00\",\"dateModified\":\"2024-07-04T06:38:22+00:00\",\"description\":\"Com puc fer-te SOMRIURE?, els plans i serveis disponibles per treballar junts i incrementar el negoci.\",\"breadcrumb\":{\"@id\":\"https:\\\/\\\/revenuesmiles.com\\\/ca\\\/com-puc-fer-te-somriure\\\/#breadcrumb\"},\"inLanguage\":\"ca\",\"potentialAction\":[{\"@type\":\"ReadAction\",\"target\":[\"https:\\\/\\\/revenuesmiles.com\\\/ca\\\/com-puc-fer-te-somriure\\\/\"]}]},{\"@type\":\"ImageObject\",\"inLanguage\":\"ca\",\"@id\":\"https:\\\/\\\/revenuesmiles.com\\\/ca\\\/com-puc-fer-te-somriure\\\/#primaryimage\",\"url\":\"https:\\\/\\\/revenuesmiles.com\\\/wp-content\\\/uploads\\\/2023\\\/11\\\/iolanda-calvo.webp\",\"contentUrl\":\"https:\\\/\\\/revenuesmiles.com\\\/wp-content\\\/uploads\\\/2023\\\/11\\\/iolanda-calvo.webp\",\"width\":400,\"height\":600},{\"@type\":\"BreadcrumbList\",\"@id\":\"https:\\\/\\\/revenuesmiles.com\\\/ca\\\/com-puc-fer-te-somriure\\\/#breadcrumb\",\"itemListElement\":[{\"@type\":\"ListItem\",\"position\":1,\"name\":\"Portada\",\"item\":\"https:\\\/\\\/revenuesmiles.com\\\/ca\\\/\"},{\"@type\":\"ListItem\",\"position\":2,\"name\":\"Com puc fer-te SOMRIURE?\"}]},{\"@type\":\"WebSite\",\"@id\":\"https:\\\/\\\/revenuesmiles.com\\\/ca\\\/#website\",\"url\":\"https:\\\/\\\/revenuesmiles.com\\\/ca\\\/\",\"name\":\"Revenuesmiles\",\"description\":\"Potencio la felicidad y el \u00e9xito de hoteleros independientes a trav\u00e9s de estrategias de Revenue Management y Marketing Digital, generando sonrisas mientras impulsamos la rentabilidad y sostenibilidad del negocio.\",\"publisher\":{\"@id\":\"https:\\\/\\\/revenuesmiles.com\\\/ca\\\/#\\\/schema\\\/person\\\/2676b96366c18f508dad1bddeaae7953\"},\"potentialAction\":[{\"@type\":\"SearchAction\",\"target\":{\"@type\":\"EntryPoint\",\"urlTemplate\":\"https:\\\/\\\/revenuesmiles.com\\\/ca\\\/?s={search_term_string}\"},\"query-input\":{\"@type\":\"PropertyValueSpecification\",\"valueRequired\":true,\"valueName\":\"search_term_string\"}}],\"inLanguage\":\"ca\"},{\"@type\":[\"Person\",\"Organization\"],\"@id\":\"https:\\\/\\\/revenuesmiles.com\\\/ca\\\/#\\\/schema\\\/person\\\/2676b96366c18f508dad1bddeaae7953\",\"name\":\"Iolanda\",\"image\":{\"@type\":\"ImageObject\",\"inLanguage\":\"ca\",\"@id\":\"https:\\\/\\\/revenuesmiles.com\\\/wp-content\\\/uploads\\\/2023\\\/10\\\/revenuesmiles-logo.png\",\"url\":\"https:\\\/\\\/revenuesmiles.com\\\/wp-content\\\/uploads\\\/2023\\\/10\\\/revenuesmiles-logo.png\",\"contentUrl\":\"https:\\\/\\\/revenuesmiles.com\\\/wp-content\\\/uploads\\\/2023\\\/10\\\/revenuesmiles-logo.png\",\"width\":300,\"height\":143,\"caption\":\"Iolanda\"},\"logo\":{\"@id\":\"https:\\\/\\\/revenuesmiles.com\\\/wp-content\\\/uploads\\\/2023\\\/10\\\/revenuesmiles-logo.png\"},\"sameAs\":[\"http:\\\/\\\/revenuesmiles.com\",\"https:\\\/\\\/www.facebook.com\\\/lacaaalvo\",\"https:\\\/\\\/www.instagram.com\\\/la___calvo\\\/\",\"www.linkedin.com\\\/in\\\/iolandacalvo\"]}]}<\/script>\n<!-- \/ Yoast SEO plugin. -->","yoast_head_json":{"title":"Com puc fer-te SOMRIURE? - Revenuesmiles","description":"Com puc fer-te SOMRIURE?, els plans i serveis disponibles per treballar junts i incrementar el negoci.","robots":{"index":"index","follow":"follow","max-snippet":"max-snippet:-1","max-image-preview":"max-image-preview:large","max-video-preview":"max-video-preview:-1"},"canonical":"https:\/\/revenuesmiles.com\/ca\/com-puc-fer-te-somriure\/","og_locale":"ca_ES","og_type":"article","og_title":"Com puc fer-te SOMRIURE? - Revenuesmiles","og_description":"Com puc fer-te SOMRIURE?, els plans i serveis disponibles per treballar junts i incrementar el negoci.","og_url":"https:\/\/revenuesmiles.com\/ca\/com-puc-fer-te-somriure\/","og_site_name":"Revenuesmiles","article_publisher":"https:\/\/www.facebook.com\/lacaaalvo","article_modified_time":"2024-07-04T06:38:22+00:00","og_image":[{"url":"https:\/\/revenuesmiles.com\/wp-content\/uploads\/2023\/11\/iolanda-calvo-200x300.webp","type":"","width":"","height":""}],"twitter_card":"summary_large_image","twitter_misc":{"Temps estimat de lectura":"3 minuts"},"schema":{"@context":"https:\/\/schema.org","@graph":[{"@type":"WebPage","@id":"https:\/\/revenuesmiles.com\/ca\/com-puc-fer-te-somriure\/","url":"https:\/\/revenuesmiles.com\/ca\/com-puc-fer-te-somriure\/","name":"Com puc fer-te SOMRIURE? - Revenuesmiles","isPartOf":{"@id":"https:\/\/revenuesmiles.com\/ca\/#website"},"primaryImageOfPage":{"@id":"https:\/\/revenuesmiles.com\/ca\/com-puc-fer-te-somriure\/#primaryimage"},"image":{"@id":"https:\/\/revenuesmiles.com\/ca\/com-puc-fer-te-somriure\/#primaryimage"},"thumbnailUrl":"https:\/\/revenuesmiles.com\/wp-content\/uploads\/2023\/11\/iolanda-calvo.webp","datePublished":"2023-11-20T14:00:38+00:00","dateModified":"2024-07-04T06:38:22+00:00","description":"Com puc fer-te SOMRIURE?, els plans i serveis disponibles per treballar junts i incrementar el negoci.","breadcrumb":{"@id":"https:\/\/revenuesmiles.com\/ca\/com-puc-fer-te-somriure\/#breadcrumb"},"inLanguage":"ca","potentialAction":[{"@type":"ReadAction","target":["https:\/\/revenuesmiles.com\/ca\/com-puc-fer-te-somriure\/"]}]},{"@type":"ImageObject","inLanguage":"ca","@id":"https:\/\/revenuesmiles.com\/ca\/com-puc-fer-te-somriure\/#primaryimage","url":"https:\/\/revenuesmiles.com\/wp-content\/uploads\/2023\/11\/iolanda-calvo.webp","contentUrl":"https:\/\/revenuesmiles.com\/wp-content\/uploads\/2023\/11\/iolanda-calvo.webp","width":400,"height":600},{"@type":"BreadcrumbList","@id":"https:\/\/revenuesmiles.com\/ca\/com-puc-fer-te-somriure\/#breadcrumb","itemListElement":[{"@type":"ListItem","position":1,"name":"Portada","item":"https:\/\/revenuesmiles.com\/ca\/"},{"@type":"ListItem","position":2,"name":"Com puc fer-te SOMRIURE?"}]},{"@type":"WebSite","@id":"https:\/\/revenuesmiles.com\/ca\/#website","url":"https:\/\/revenuesmiles.com\/ca\/","name":"Revenuesmiles","description":"Potencio la felicidad y el \u00e9xito de hoteleros independientes a trav\u00e9s de estrategias de Revenue Management y Marketing Digital, generando sonrisas mientras impulsamos la rentabilidad y sostenibilidad del negocio.","publisher":{"@id":"https:\/\/revenuesmiles.com\/ca\/#\/schema\/person\/2676b96366c18f508dad1bddeaae7953"},"potentialAction":[{"@type":"SearchAction","target":{"@type":"EntryPoint","urlTemplate":"https:\/\/revenuesmiles.com\/ca\/?s={search_term_string}"},"query-input":{"@type":"PropertyValueSpecification","valueRequired":true,"valueName":"search_term_string"}}],"inLanguage":"ca"},{"@type":["Person","Organization"],"@id":"https:\/\/revenuesmiles.com\/ca\/#\/schema\/person\/2676b96366c18f508dad1bddeaae7953","name":"Iolanda","image":{"@type":"ImageObject","inLanguage":"ca","@id":"https:\/\/revenuesmiles.com\/wp-content\/uploads\/2023\/10\/revenuesmiles-logo.png","url":"https:\/\/revenuesmiles.com\/wp-content\/uploads\/2023\/10\/revenuesmiles-logo.png","contentUrl":"https:\/\/revenuesmiles.com\/wp-content\/uploads\/2023\/10\/revenuesmiles-logo.png","width":300,"height":143,"caption":"Iolanda"},"logo":{"@id":"https:\/\/revenuesmiles.com\/wp-content\/uploads\/2023\/10\/revenuesmiles-logo.png"},"sameAs":["http:\/\/revenuesmiles.com","https:\/\/www.facebook.com\/lacaaalvo","https:\/\/www.instagram.com\/la___calvo\/","www.linkedin.com\/in\/iolandacalvo"]}]}},"_links":{"self":[{"href":"https:\/\/revenuesmiles.com\/ca\/wp-json\/wp\/v2\/pages\/601","targetHints":{"allow":["GET"]}}],"collection":[{"href":"https:\/\/revenuesmiles.com\/ca\/wp-json\/wp\/v2\/pages"}],"about":[{"href":"https:\/\/revenuesmiles.com\/ca\/wp-json\/wp\/v2\/types\/page"}],"author":[{"embeddable":true,"href":"https:\/\/revenuesmiles.com\/ca\/wp-json\/wp\/v2\/users\/1"}],"replies":[{"embeddable":true,"href":"https:\/\/revenuesmiles.com\/ca\/wp-json\/wp\/v2\/comments?post=601"}],"version-history":[{"count":5,"href":"https:\/\/revenuesmiles.com\/ca\/wp-json\/wp\/v2\/pages\/601\/revisions"}],"predecessor-version":[{"id":826,"href":"https:\/\/revenuesmiles.com\/ca\/wp-json\/wp\/v2\/pages\/601\/revisions\/826"}],"wp:featuredmedia":[{"embeddable":true,"href":"https:\/\/revenuesmiles.com\/ca\/wp-json\/wp\/v2\/media\/533"}],"wp:attachment":[{"href":"https:\/\/revenuesmiles.com\/ca\/wp-json\/wp\/v2\/media?parent=601"}],"curies":[{"name":"wp","href":"https:\/\/api.w.org\/{rel}","templated":true}]}}