{"id":611,"date":"2023-11-20T19:48:03","date_gmt":"2023-11-20T18:48:03","guid":{"rendered":"https:\/\/revenuesmiles.com\/contacta\/"},"modified":"2023-11-20T19:48:04","modified_gmt":"2023-11-20T18:48:04","slug":"contacta","status":"publish","type":"page","link":"https:\/\/revenuesmiles.com\/ca\/contacta\/","title":{"rendered":"Contacta"},"content":{"rendered":"<div class=\"wpb-content-wrapper\">[vc_row css_animation=&#8221;&#8221; row_type=&#8221;row&#8221; use_row_as_full_screen_section=&#8221;no&#8221; type=&#8221;full_width&#8221; angled_section=&#8221;no&#8221; text_align=&#8221;left&#8221; background_image_as_pattern=&#8221;without_pattern&#8221; css=&#8221;.vc_custom_1696538438580{background-color: #ffffff !important;}&#8221; z_index=&#8221;&#8221;][vc_column][vc_gmaps link=&#8221;#E-8_JTNDaWZyYW1lJTIwc3JjJTNEJTIyaHR0cHMlM0ElMkYlMkZ3d3cuZ29vZ2xlLmNvbSUyRm1hcHMlMkZlbWJlZCUzRnBiJTNEJTIxMW0xOCUyMTFtMTIlMjExbTMlMjExZDI5OTIuNDk0MDgxMTQyNTkxMyUyMTJkMi4xODAxNzAzNzYzODkxNzk4JTIxM2Q0MS40MDY3OTIxOTQ3OTA3NSUyMTJtMyUyMTFmMCUyMTJmMCUyMTNmMCUyMTNtMiUyMTFpMTAyNCUyMTJpNzY4JTIxNGYxMy4xJTIxM20zJTIxMW0yJTIxMXMweDEyYTRhMmQ4YzIxNzI2NWYlMjUzQTB4YTFlNjk4OTJlMTIwOWQ3OCUyMTJzQy4lMjUyMGRlbCUyNTIwZG9zJTI1MjBkZSUyNTIwTWFpZyUyNTJDJTI1MjAyMjIlMjUyQyUyNTIwMXIlMjUyMDNhJTI1MkMlMjUyMDA4MDEzJTI1MjBCYXJjZWxvbmElMjE1ZTAlMjEzbTIlMjExc2NhJTIxMnNlcyUyMTR2MTY5NjUzODI2Njc3MiUyMTVtMiUyMTFzY2ElMjEyc2VzJTIyJTIwd2lkdGglM0QlMjI4MDAlMjIlMjBoZWlnaHQlM0QlMjI0MDAlMjIlMjBzdHlsZSUzRCUyMmJvcmRlciUzQTAlM0IlMjIlMjBhbGxvd2Z1bGxzY3JlZW4lM0QlMjIlMjIlMjBsb2FkaW5nJTNEJTIybGF6eSUyMiUyMHJlZmVycmVycG9saWN5JTNEJTIybm8tcmVmZXJyZXItd2hlbi1kb3duZ3JhZGUlMjIlM0UlM0MlMkZpZnJhbWUlM0U=&#8221;][\/vc_column][\/vc_row][vc_row css_animation=&#8221;&#8221; row_type=&#8221;row&#8221; use_row_as_full_screen_section=&#8221;no&#8221; type=&#8221;full_width&#8221; angled_section=&#8221;no&#8221; text_align=&#8221;left&#8221; background_image_as_pattern=&#8221;without_pattern&#8221; padding_top=&#8221;80&#8243; padding_bottom=&#8221;80&#8243; z_index=&#8221;&#8221; side_padding=&#8221;7&#8243;][vc_column width=&#8221;1\/2&#8243;][vc_empty_space][vc_column_text]\n<h1 style=\"text-align: center;\"><strong>REVENUESMILES<\/strong><\/h1>\n[\/vc_column_text][vc_separator type=&#8221;transparent&#8221; up=&#8221;15&#8243; down=&#8221;0&#8243;][vc_column_text]\n<h4 style=\"text-align: center;\">C\/ del dos de Maig, 222, 1r 3a,<\/h4>\n<h4 style=\"text-align: center;\">08013 Barcelona<\/h4>\n[\/vc_column_text][vc_empty_space height=&#8221;150px&#8221;][vc_column_text]\n<h2 style=\"text-align: center;\">\ud83d\udd3aM\u00e8tode La Calvo \ud83d\udd3aAjudo a hotelers independents a ser \u2795 feli\u00e7os incrementant la rendibilitat amb Revenue &amp; Marketing\u2757Aprofita el viatge<\/h2>\n[\/vc_column_text][vc_empty_space height=&#8221;150px&#8221;][\/vc_column][vc_column width=&#8221;1\/2&#8243;]\n<div class=\"wpcf7 no-js\" id=\"wpcf7-f594-o1\" lang=\"ca\" dir=\"ltr\" data-wpcf7-id=\"594\">\n<div class=\"screen-reader-response\"><p role=\"status\" aria-live=\"polite\" aria-atomic=\"true\"><\/p> <ul><\/ul><\/div>\n<form action=\"\/ca\/wp-json\/wp\/v2\/pages\/611#wpcf7-f594-o1\" method=\"post\" class=\"wpcf7-form init cf7_custom_style_1\" aria-label=\"Formulari de contacte\" novalidate=\"novalidate\" data-status=\"init\">\n<fieldset class=\"hidden-fields-container\"><input type=\"hidden\" name=\"_wpcf7\" value=\"594\" \/><input type=\"hidden\" name=\"_wpcf7_version\" value=\"6.1.5\" \/><input type=\"hidden\" name=\"_wpcf7_locale\" value=\"ca\" \/><input type=\"hidden\" name=\"_wpcf7_unit_tag\" value=\"wpcf7-f594-o1\" \/><input type=\"hidden\" name=\"_wpcf7_container_post\" value=\"0\" \/><input type=\"hidden\" name=\"_wpcf7_posted_data_hash\" value=\"\" \/><input type=\"hidden\" name=\"_wpcf7_recaptcha_response\" value=\"\" \/>\n<\/fieldset>\n<p><label> Quin \u00e9s el teu nom?<br \/>\n<span class=\"wpcf7-form-control-wrap\" data-name=\"your-name\"><input size=\"40\" maxlength=\"400\" class=\"wpcf7-form-control wpcf7-text wpcf7-validates-as-required\" autocomplete=\"name\" aria-required=\"true\" aria-invalid=\"false\" value=\"\" type=\"text\" name=\"your-name\" \/><\/span> <\/label>\n<\/p>\n<p><label> Em comparteixes el teu mail?<br \/>\n<span class=\"wpcf7-form-control-wrap\" data-name=\"your-email\"><input size=\"40\" maxlength=\"400\" class=\"wpcf7-form-control wpcf7-email wpcf7-validates-as-required wpcf7-text wpcf7-validates-as-email\" autocomplete=\"email\" aria-required=\"true\" aria-invalid=\"false\" value=\"\" type=\"email\" name=\"your-email\" \/><\/span> <\/label>\n<\/p>\n<p><label> Parlem? Tamb\u00e9 pots afegir el teu n\u00famero de tel\u00e8fon, si ho prefereixes<br \/>\n<span class=\"wpcf7-form-control-wrap\" data-name=\"tel-927\"><input size=\"40\" maxlength=\"400\" class=\"wpcf7-form-control wpcf7-tel wpcf7-text wpcf7-validates-as-tel\" aria-invalid=\"false\" value=\"\" type=\"tel\" name=\"tel-927\" \/><\/span> <\/label>\n<\/p>\n<p><label> Com et puc fer somriure?<br \/>\n<span class=\"wpcf7-form-control-wrap\" data-name=\"your-message\"><textarea cols=\"40\" rows=\"10\" maxlength=\"2000\" class=\"wpcf7-form-control wpcf7-textarea\" aria-invalid=\"false\" name=\"your-message\"><\/textarea><\/span> <\/label>\n<\/p>\n<p><label> <span class=\"wpcf7-form-control-wrap\" data-name=\"acceptance-592\"><span class=\"wpcf7-form-control wpcf7-acceptance\"><span class=\"wpcf7-list-item\"><label><input type=\"checkbox\" name=\"acceptance-592\" value=\"1\" aria-invalid=\"false\" \/><span class=\"wpcf7-list-item-label\">Accepto la <a href=\"https:\/\/revenuesmiles.com\/ca\/politica-privacitat\">pol\u00edtica de privacitat<\/a> i cedir les meves dades a REVENUESMILES<\/span><\/label><\/span><\/span><\/span><br \/>\n<\/label>\n<\/p>\n<p><input class=\"wpcf7-form-control wpcf7-submit has-spinner\" type=\"submit\" value=\"A punt Iolanda, aqu\u00ed va el missatge!\" \/>\n<\/p>\n<p>Aquest formulari utilitza Akismet per reduir el correu brossa. <a target=\"_blank\" rel=\"nofollow noopener\" href=\"https:\/\/akismet.com\/privacy\/\">Apr\u00e8n com es processen les dades.<\/a>\n<\/p><p style=\"display: none !important;\" class=\"akismet-fields-container\" data-prefix=\"_wpcf7_ak_\"><label>&#916;<textarea name=\"_wpcf7_ak_hp_textarea\" cols=\"45\" rows=\"8\" maxlength=\"100\"><\/textarea><\/label><input type=\"hidden\" id=\"ak_js_1\" name=\"_wpcf7_ak_js\" value=\"166\"\/><script>document.getElementById( \"ak_js_1\" ).setAttribute( \"value\", ( new Date() ).getTime() );<\/script><\/p><div class=\"wpcf7-response-output\" aria-hidden=\"true\"><\/div>\n<\/form>\n<\/div>\n[vc_empty_space height=&#8221;12px&#8221;][vc_column_text]\n<div class=\"wpb_text_column wpb_content_element \">\n<div class=\"wpb_wrapper\">\n<h5>En nom de l&#8217;empresa tractem la informaci\u00f3 que ens facilita per tal de prestar-los el servei sol\u00b7licitat, fer-ne la facturaci\u00f3. Les dades proporcionades es conservaran mentre es mantingui la relaci\u00f3 comercial o durant els anys necessaris per complir les obligacions legals. Les dades no se cediran a tercers excepte en els casos en qu\u00e8 hi hagi una obligaci\u00f3 legal. Vost\u00e8 t\u00e9 dret a obtenir confirmaci\u00f3 sobre si a REVENUESMILES estem tractant les seves dades personals per tant t\u00e9 dret a accedir a les seves dades personals, rectificar les dades inexactes o sol\u00b7licitar la seva supressi\u00f3 quan les dades ja no siguin necess\u00e0ries.<br \/>\n<\/h5>\n<\/div>\n<\/div>\n[\/vc_column_text][vc_separator type=&#8221;transparent&#8221; up=&#8221;15&#8243; down=&#8221;0&#8243;][\/vc_column][\/vc_row]\n<\/div>","protected":false},"excerpt":{"rendered":"<p>[vc_row css_animation=&#8221;&#8221; row_type=&#8221;row&#8221; use_row_as_full_screen_section=&#8221;no&#8221; type=&#8221;full_width&#8221; angled_section=&#8221;no&#8221; text_align=&#8221;left&#8221; background_image_as_pattern=&#8221;without_pattern&#8221; css=&#8221;.vc_custom_1696538438580{background-color: #ffffff !important;}&#8221; z_index=&#8221;&#8221;][vc_column][vc_gmaps link=&#8221;#E-8_JTNDaWZyYW1lJTIwc3JjJTNEJTIyaHR0cHMlM0ElMkYlMkZ3d3cuZ29vZ2xlLmNvbSUyRm1hcHMlMkZlbWJlZCUzRnBiJTNEJTIxMW0xOCUyMTFtMTIlMjExbTMlMjExZDI5OTIuNDk0MDgxMTQyNTkxMyUyMTJkMi4xODAxNzAzNzYzODkxNzk4JTIxM2Q0MS40MDY3OTIxOTQ3OTA3NSUyMTJtMyUyMTFmMCUyMTJmMCUyMTNmMCUyMTNtMiUyMTFpMTAyNCUyMTJpNzY4JTIxNGYxMy4xJTIxM20zJTIxMW0yJTIxMXMweDEyYTRhMmQ4YzIxNzI2NWYlMjUzQTB4YTFlNjk4OTJlMTIwOWQ3OCUyMTJzQy4lMjUyMGRlbCUyNTIwZG9zJTI1MjBkZSUyNTIwTWFpZyUyNTJDJTI1MjAyMjIlMjUyQyUyNTIwMXIlMjUyMDNhJTI1MkMlMjUyMDA4MDEzJTI1MjBCYXJjZWxvbmElMjE1ZTAlMjEzbTIlMjExc2NhJTIxMnNlcyUyMTR2MTY5NjUzODI2Njc3MiUyMTVtMiUyMTFzY2ElMjEyc2VzJTIyJTIwd2lkdGglM0QlMjI4MDAlMjIlMjBoZWlnaHQlM0QlMjI0MDAlMjIlMjBzdHlsZSUzRCUyMmJvcmRlciUzQTAlM0IlMjIlMjBhbGxvd2Z1bGxzY3JlZW4lM0QlMjIlMjIlMjBsb2FkaW5nJTNEJTIybGF6eSUyMiUyMHJlZmVycmVycG9saWN5JTNEJTIybm8tcmVmZXJyZXItd2hlbi1kb3duZ3JhZGUlMjIlM0UlM0MlMkZpZnJhbWUlM0U=&#8221;][\/vc_column][\/vc_row][vc_row css_animation=&#8221;&#8221; row_type=&#8221;row&#8221; use_row_as_full_screen_section=&#8221;no&#8221; type=&#8221;full_width&#8221; angled_section=&#8221;no&#8221; text_align=&#8221;left&#8221; background_image_as_pattern=&#8221;without_pattern&#8221; padding_top=&#8221;80&#8243; padding_bottom=&#8221;80&#8243; z_index=&#8221;&#8221; side_padding=&#8221;7&#8243;][vc_column width=&#8221;1\/2&#8243;][vc_empty_space][vc_column_text] REVENUESMILES [\/vc_column_text][vc_separator type=&#8221;transparent&#8221; up=&#8221;15&#8243; down=&#8221;0&#8243;][vc_column_text] C\/ del dos de Maig, 222, 1r 3a, 08013 Barcelona [\/vc_column_text][vc_empty_space height=&#8221;150px&#8221;][vc_column_text] \ud83d\udd3aM\u00e8tode La Calvo&#8230;<\/p>\n","protected":false},"author":1,"featured_media":0,"parent":0,"menu_order":0,"comment_status":"closed","ping_status":"closed","template":"full_width.php","meta":{"footnotes":""},"class_list":["post-611","page","type-page","status-publish","hentry"],"yoast_head":"<!-- This site is optimized with the Yoast SEO plugin v27.4 - https:\/\/yoast.com\/product\/yoast-seo-wordpress\/ -->\n<title>Contacta - Revenuesmiles<\/title>\n<meta name=\"description\" content=\"p\u00e0gina de contacte amb revenuesmiles. Trieu la vostra opci\u00f3 preferida: Tel\u00e8fon, E-mail o formulari de contacte\" \/>\n<meta name=\"robots\" content=\"index, follow, max-snippet:-1, max-image-preview:large, max-video-preview:-1\" \/>\n<link rel=\"canonical\" href=\"https:\/\/revenuesmiles.com\/ca\/contacta\/\" \/>\n<meta property=\"og:locale\" content=\"ca_ES\" \/>\n<meta property=\"og:type\" content=\"article\" \/>\n<meta property=\"og:title\" content=\"Contacta - Revenuesmiles\" \/>\n<meta property=\"og:description\" content=\"p\u00e0gina de contacte amb revenuesmiles. Trieu la vostra opci\u00f3 preferida: Tel\u00e8fon, E-mail o formulari de contacte\" \/>\n<meta property=\"og:url\" content=\"https:\/\/revenuesmiles.com\/ca\/contacta\/\" \/>\n<meta property=\"og:site_name\" content=\"Revenuesmiles\" \/>\n<meta property=\"article:publisher\" content=\"https:\/\/www.facebook.com\/lacaaalvo\" \/>\n<meta property=\"article:modified_time\" content=\"2023-11-20T18:48:04+00:00\" \/>\n<meta property=\"og:image\" content=\"https:\/\/revenuesmiles.com\/wp-content\/uploads\/2023\/10\/revenuesmiles-logo-tlf.png\" \/>\n\t<meta property=\"og:image:width\" content=\"150\" \/>\n\t<meta property=\"og:image:height\" content=\"72\" \/>\n\t<meta property=\"og:image:type\" content=\"image\/png\" \/>\n<meta name=\"twitter:card\" content=\"summary_large_image\" \/>\n<meta name=\"twitter:label1\" content=\"Temps estimat de lectura\" \/>\n\t<meta name=\"twitter:data1\" content=\"2 minuts\" \/>\n<script type=\"application\/ld+json\" class=\"yoast-schema-graph\">{\"@context\":\"https:\\\/\\\/schema.org\",\"@graph\":[{\"@type\":\"WebPage\",\"@id\":\"https:\\\/\\\/revenuesmiles.com\\\/ca\\\/contacta\\\/\",\"url\":\"https:\\\/\\\/revenuesmiles.com\\\/ca\\\/contacta\\\/\",\"name\":\"Contacta - Revenuesmiles\",\"isPartOf\":{\"@id\":\"https:\\\/\\\/revenuesmiles.com\\\/ca\\\/#website\"},\"datePublished\":\"2023-11-20T18:48:03+00:00\",\"dateModified\":\"2023-11-20T18:48:04+00:00\",\"description\":\"p\u00e0gina de contacte amb revenuesmiles. Trieu la vostra opci\u00f3 preferida: Tel\u00e8fon, E-mail o formulari de contacte\",\"breadcrumb\":{\"@id\":\"https:\\\/\\\/revenuesmiles.com\\\/ca\\\/contacta\\\/#breadcrumb\"},\"inLanguage\":\"ca\",\"potentialAction\":[{\"@type\":\"ReadAction\",\"target\":[\"https:\\\/\\\/revenuesmiles.com\\\/ca\\\/contacta\\\/\"]}]},{\"@type\":\"BreadcrumbList\",\"@id\":\"https:\\\/\\\/revenuesmiles.com\\\/ca\\\/contacta\\\/#breadcrumb\",\"itemListElement\":[{\"@type\":\"ListItem\",\"position\":1,\"name\":\"Portada\",\"item\":\"https:\\\/\\\/revenuesmiles.com\\\/ca\\\/\"},{\"@type\":\"ListItem\",\"position\":2,\"name\":\"Contacta\"}]},{\"@type\":\"WebSite\",\"@id\":\"https:\\\/\\\/revenuesmiles.com\\\/ca\\\/#website\",\"url\":\"https:\\\/\\\/revenuesmiles.com\\\/ca\\\/\",\"name\":\"Revenuesmiles\",\"description\":\"Potencio la felicidad y el \u00e9xito de hoteleros independientes a trav\u00e9s de estrategias de Revenue Management y Marketing Digital, generando sonrisas mientras impulsamos la rentabilidad y sostenibilidad del negocio.\",\"publisher\":{\"@id\":\"https:\\\/\\\/revenuesmiles.com\\\/ca\\\/#\\\/schema\\\/person\\\/2676b96366c18f508dad1bddeaae7953\"},\"potentialAction\":[{\"@type\":\"SearchAction\",\"target\":{\"@type\":\"EntryPoint\",\"urlTemplate\":\"https:\\\/\\\/revenuesmiles.com\\\/ca\\\/?s={search_term_string}\"},\"query-input\":{\"@type\":\"PropertyValueSpecification\",\"valueRequired\":true,\"valueName\":\"search_term_string\"}}],\"inLanguage\":\"ca\"},{\"@type\":[\"Person\",\"Organization\"],\"@id\":\"https:\\\/\\\/revenuesmiles.com\\\/ca\\\/#\\\/schema\\\/person\\\/2676b96366c18f508dad1bddeaae7953\",\"name\":\"Iolanda\",\"image\":{\"@type\":\"ImageObject\",\"inLanguage\":\"ca\",\"@id\":\"https:\\\/\\\/revenuesmiles.com\\\/wp-content\\\/uploads\\\/2023\\\/10\\\/revenuesmiles-logo.png\",\"url\":\"https:\\\/\\\/revenuesmiles.com\\\/wp-content\\\/uploads\\\/2023\\\/10\\\/revenuesmiles-logo.png\",\"contentUrl\":\"https:\\\/\\\/revenuesmiles.com\\\/wp-content\\\/uploads\\\/2023\\\/10\\\/revenuesmiles-logo.png\",\"width\":300,\"height\":143,\"caption\":\"Iolanda\"},\"logo\":{\"@id\":\"https:\\\/\\\/revenuesmiles.com\\\/wp-content\\\/uploads\\\/2023\\\/10\\\/revenuesmiles-logo.png\"},\"sameAs\":[\"http:\\\/\\\/revenuesmiles.com\",\"https:\\\/\\\/www.facebook.com\\\/lacaaalvo\",\"https:\\\/\\\/www.instagram.com\\\/la___calvo\\\/\",\"www.linkedin.com\\\/in\\\/iolandacalvo\"]}]}<\/script>\n<!-- \/ Yoast SEO plugin. -->","yoast_head_json":{"title":"Contacta - Revenuesmiles","description":"p\u00e0gina de contacte amb revenuesmiles. Trieu la vostra opci\u00f3 preferida: Tel\u00e8fon, E-mail o formulari de contacte","robots":{"index":"index","follow":"follow","max-snippet":"max-snippet:-1","max-image-preview":"max-image-preview:large","max-video-preview":"max-video-preview:-1"},"canonical":"https:\/\/revenuesmiles.com\/ca\/contacta\/","og_locale":"ca_ES","og_type":"article","og_title":"Contacta - Revenuesmiles","og_description":"p\u00e0gina de contacte amb revenuesmiles. Trieu la vostra opci\u00f3 preferida: Tel\u00e8fon, E-mail o formulari de contacte","og_url":"https:\/\/revenuesmiles.com\/ca\/contacta\/","og_site_name":"Revenuesmiles","article_publisher":"https:\/\/www.facebook.com\/lacaaalvo","article_modified_time":"2023-11-20T18:48:04+00:00","og_image":[{"width":150,"height":72,"url":"https:\/\/revenuesmiles.com\/wp-content\/uploads\/2023\/10\/revenuesmiles-logo-tlf.png","type":"image\/png"}],"twitter_card":"summary_large_image","twitter_misc":{"Temps estimat de lectura":"2 minuts"},"schema":{"@context":"https:\/\/schema.org","@graph":[{"@type":"WebPage","@id":"https:\/\/revenuesmiles.com\/ca\/contacta\/","url":"https:\/\/revenuesmiles.com\/ca\/contacta\/","name":"Contacta - Revenuesmiles","isPartOf":{"@id":"https:\/\/revenuesmiles.com\/ca\/#website"},"datePublished":"2023-11-20T18:48:03+00:00","dateModified":"2023-11-20T18:48:04+00:00","description":"p\u00e0gina de contacte amb revenuesmiles. Trieu la vostra opci\u00f3 preferida: Tel\u00e8fon, E-mail o formulari de contacte","breadcrumb":{"@id":"https:\/\/revenuesmiles.com\/ca\/contacta\/#breadcrumb"},"inLanguage":"ca","potentialAction":[{"@type":"ReadAction","target":["https:\/\/revenuesmiles.com\/ca\/contacta\/"]}]},{"@type":"BreadcrumbList","@id":"https:\/\/revenuesmiles.com\/ca\/contacta\/#breadcrumb","itemListElement":[{"@type":"ListItem","position":1,"name":"Portada","item":"https:\/\/revenuesmiles.com\/ca\/"},{"@type":"ListItem","position":2,"name":"Contacta"}]},{"@type":"WebSite","@id":"https:\/\/revenuesmiles.com\/ca\/#website","url":"https:\/\/revenuesmiles.com\/ca\/","name":"Revenuesmiles","description":"Potencio la felicidad y el \u00e9xito de hoteleros independientes a trav\u00e9s de estrategias de Revenue Management y Marketing Digital, generando sonrisas mientras impulsamos la rentabilidad y sostenibilidad del negocio.","publisher":{"@id":"https:\/\/revenuesmiles.com\/ca\/#\/schema\/person\/2676b96366c18f508dad1bddeaae7953"},"potentialAction":[{"@type":"SearchAction","target":{"@type":"EntryPoint","urlTemplate":"https:\/\/revenuesmiles.com\/ca\/?s={search_term_string}"},"query-input":{"@type":"PropertyValueSpecification","valueRequired":true,"valueName":"search_term_string"}}],"inLanguage":"ca"},{"@type":["Person","Organization"],"@id":"https:\/\/revenuesmiles.com\/ca\/#\/schema\/person\/2676b96366c18f508dad1bddeaae7953","name":"Iolanda","image":{"@type":"ImageObject","inLanguage":"ca","@id":"https:\/\/revenuesmiles.com\/wp-content\/uploads\/2023\/10\/revenuesmiles-logo.png","url":"https:\/\/revenuesmiles.com\/wp-content\/uploads\/2023\/10\/revenuesmiles-logo.png","contentUrl":"https:\/\/revenuesmiles.com\/wp-content\/uploads\/2023\/10\/revenuesmiles-logo.png","width":300,"height":143,"caption":"Iolanda"},"logo":{"@id":"https:\/\/revenuesmiles.com\/wp-content\/uploads\/2023\/10\/revenuesmiles-logo.png"},"sameAs":["http:\/\/revenuesmiles.com","https:\/\/www.facebook.com\/lacaaalvo","https:\/\/www.instagram.com\/la___calvo\/","www.linkedin.com\/in\/iolandacalvo"]}]}},"_links":{"self":[{"href":"https:\/\/revenuesmiles.com\/ca\/wp-json\/wp\/v2\/pages\/611","targetHints":{"allow":["GET"]}}],"collection":[{"href":"https:\/\/revenuesmiles.com\/ca\/wp-json\/wp\/v2\/pages"}],"about":[{"href":"https:\/\/revenuesmiles.com\/ca\/wp-json\/wp\/v2\/types\/page"}],"author":[{"embeddable":true,"href":"https:\/\/revenuesmiles.com\/ca\/wp-json\/wp\/v2\/users\/1"}],"replies":[{"embeddable":true,"href":"https:\/\/revenuesmiles.com\/ca\/wp-json\/wp\/v2\/comments?post=611"}],"version-history":[{"count":2,"href":"https:\/\/revenuesmiles.com\/ca\/wp-json\/wp\/v2\/pages\/611\/revisions"}],"predecessor-version":[{"id":613,"href":"https:\/\/revenuesmiles.com\/ca\/wp-json\/wp\/v2\/pages\/611\/revisions\/613"}],"wp:attachment":[{"href":"https:\/\/revenuesmiles.com\/ca\/wp-json\/wp\/v2\/media?parent=611"}],"curies":[{"name":"wp","href":"https:\/\/api.w.org\/{rel}","templated":true}]}}