{"id":618,"date":"2023-11-20T19:54:14","date_gmt":"2023-11-20T18:54:14","guid":{"rendered":"https:\/\/revenuesmiles.com\/politica-cookies\/"},"modified":"2023-11-20T19:58:26","modified_gmt":"2023-11-20T18:58:26","slug":"politica-cookies","status":"publish","type":"page","link":"https:\/\/revenuesmiles.com\/ca\/politica-cookies\/","title":{"rendered":"Pol\u00edtica cookies"},"content":{"rendered":"<div class=\"wpb-content-wrapper\">[vc_row css_animation=&#8221;&#8221; row_type=&#8221;row&#8221; use_row_as_full_screen_section=&#8221;no&#8221; type=&#8221;full_width&#8221; angled_section=&#8221;no&#8221; text_align=&#8221;left&#8221; background_image_as_pattern=&#8221;without_pattern&#8221; z_index=&#8221;&#8221; side_padding=&#8221;6&#8243;][vc_column][vc_empty_space][vc_column_text]\n<h4>&#8212;&#8212;&#8212;&#8212;&#8212;&#8212;&#8212;&#8212;&#8212;&#8212;&#8212;<br \/>\nREVENUESMILES utilitza cookies pr\u00f2pies i de tercers per millorar la teva experi\u00e8ncia de navegaci\u00f3 i fer tasques d&#8217;an\u00e0lisi. En continuar navegant entenem que acceptes la nostra Pol\u00edtica de Cookies.<br \/>\n&#8212;&#8212;&#8212;&#8212;&#8212;&#8212;&#8212;&#8212;&#8211;<\/h4>\n<h4>REVENUESMILES, a trav\u00e9s del present document, recull la seva Pol\u00edtica de recollida i tractament de cookies, en compliment del que disposa l&#8217;article 22.2 de la Llei 34\/2002, d&#8217;11 de juliol, de serveis de la societat de la informaci\u00f3 i de Comer\u00e7 Electr\u00f2nic.<\/h4>\n<p>&nbsp;<\/p>\n<h4><span class=\"HwtZe\" lang=\"ca\"><span class=\"jCAhz ChMk0b\"><span class=\"ryNqvb\">Les galetes s&#8217;emmagatzemen a l&#8217;equip terminal de l&#8217;usuari (ordinador o dispositiu m\u00f2bil) i recopilen informaci\u00f3 en visitar les p\u00e0gines web de <\/span><\/span><\/span>REVENUESMILES <span class=\"HwtZe\" lang=\"ca\"><span class=\"jCAhz ChMk0b\"><span class=\"ryNqvb\" >(revenuesmiles.com), per tal de millorar la seva usabilitat, con\u00e8ixer els h\u00e0bits o necessitats de navegaci\u00f3 dels usuaris per poder adaptar-s&#8217;hi, aix\u00ed com obtenir informaci\u00f3 amb finalitats estad\u00edstiques.<\/span><\/span> <span class =\"jCAhz ChMk0b\"><span class=\"ryNqvb\">En el cas d&#8217;aquells usuaris que ja siguin clients de <\/span><\/span><\/span>REVENUESMILES<span class=\"HwtZe\" lang=\"ca\" ><span class=\"jCAhz ChMk0b\"><span class=\"ryNqvb\">, la informaci\u00f3 recollida amb les cookies servir\u00e0 tamb\u00e9 per a la seva identificaci\u00f3 en accedir a les diferents eines que <\/span><\/span><\/span>REVENUESMILES <span class=\"HwtZe\" lang=\"ca\"><span class=\"jCAhz ChMk0b\"><span class=\"ryNqvb\">posa a la vostra disposici\u00f3 per a la gesti\u00f3 dels serveis.<\/span><\/span>< \/span><\/h4>\n<p>&nbsp;<\/p>\n<h4><span class=\"HwtZe\" lang=\"ca\"><span class=\"jCAhz ChMk0b\"><span class=\"ryNqvb\">La present Pol\u00edtica de Cookies ser\u00e0 aplicable a aquells usuaris que volunt\u00e0riament visitin les p\u00e0gines web de <\/span><\/span><\/span>REVENUESMILES<span class=\"HwtZe\" lang=\"ca\"><span class=\"jCAhz ChMk0b\"><span class=\"ryNqvb\">, ompliu formularis de recollida de dades , accedeixen a les eines que <\/span><\/span><\/span>REVENUESMILES <span class=\"HwtZe\" lang=\"ca\"><span class=\"jCAhz ChMk0b\"><span class=\"ryNqvb\">posa a disposici\u00f3 dels seus clients per gestionar els seus serveis, o utilitzen qualsevol altre servei present al lloc web que impliqui la comunicaci\u00f3 de dades a <\/span><\/span><\/span>REVENUESMILES<span class=\"HwtZe\" lang=\" \u00e9s\"><span class=\"jCAhz ChMk0b\"><span class=\"ryNqvb\">, o l&#8217;acc\u00e9s a dades per <\/span><\/span><\/span>REVENUESMILES <span class=\"HwtZe\" lang=\" ca\"><span class=\"jCAhz ChMk0b\"><span class=\"ryNqvb\">per a la prestaci\u00f3 dels seus serveis.<\/span><\/span><\/span><\/h4>\n<p>&nbsp;<\/p>\n<h4>REVENUESMILS <span class=\"HwtZe\" lang=\"ca\"><span class=\"jCAhz ChMk0b\"><span class=\"ryNqvb\">informa els usuaris de les seves p\u00e0gines web, de l&#8217;exist\u00e8ncia de cookies i posa a la vostra disposici\u00f3 aquesta Pol\u00edtica per informar-vos sobre l&#8217;\u00fas i l&#8217;objecte de les mateixes.<\/span><\/span> <span class=\"jCAhz ChMk0b\"><span class=\"ryNqvb\">Continuar la navegaci\u00f3 a trav\u00e9s de les seves p\u00e0gines suposa el coneixement i l&#8217;acceptaci\u00f3 d&#8217;aquesta pol\u00edtica per part dels usuaris.<\/span><\/span><\/span><\/h4>\n<p>&nbsp;<\/p>\n<h4>REVENUESMILS <span class=\"HwtZe\" lang=\"ca\"><span class=\"jCAhz ChMk0b\"><span class=\"ryNqvb\">utilitza els seg\u00fcents tipus de cookies:<\/span><\/span>< \/span><\/h4>\n<h4><\/h4>\n<h4><span class=\"HwtZe\" lang=\"ca\"><span class=\"jCAhz ChMk0b\"><span class=\"ryNqvb\">Classificades per la titularitat:<\/span><\/span> <\/span> <\/h4>\n<h4><span class=\"HwtZe\" lang=\"ca\"><span class=\"jCAhz ChMk0b\"><span class=\"ryNqvb\">Cookies pr\u00f2pies: enviades i gestionades directament per<\/span><\/span>< \/span>REVENUESMILS<\/h4>\n<h4><span class=\"HwtZe\" lang=\"ca\"><span class=\"jCAhz ChMk0b\"><span class=\"ryNqvb\"> <\/span><\/span><\/span><\/h4>\n<p>&nbsp;<\/p>\n<h4><span class=\"HwtZe\" lang=\"ca\"><span class=\"jCAhz ChMk0b\"><span class=\"ryNqvb\">Cookies de tercers: enviades i gestionades per un tercer ali\u00e8 a <\/span>< \/span><\/span>REVENUESMILES<span class=\"HwtZe\" lang=\"ca\"><span class=\"jCAhz ChMk0b\"><span class=\"ryNqvb\">, de forma an\u00f2nima, per tal de realitzar estudis estad\u00edstics de navegaci\u00f3 per les p\u00e0gines web de<\/span><\/span><\/span>REVENUESMILES<\/h4>\n<h4><span class=\"HwtZe\" lang=\"es\"><span class=\"jCAhz ChMk0b\"><span class=\"ryNqvb\">\u00a0<\/span><\/span><\/span><\/h4>\n<p>&nbsp;<\/p>\n<h4><span class=\"HwtZe\" lang=\"ca\"><span class=\"jCAhz ChMk0b\"><span class=\"ryNqvb\">Classificades per la seva finalitat:<\/span><\/span><\/span> <\/h4>\n<h4><span class=\"HwtZe\" lang=\"ca\"><span class=\"jCAhz ChMk0b\"><span class=\"ryNqvb\">Cookies t\u00e8cniques i\/o de personalitzaci\u00f3: faciliten la navegaci\u00f3, en identificar la sessi\u00f3, permetre l&#8217;acc\u00e9s a eines d&#8217;acc\u00e9s restringit, a m\u00e9s de configurar a mida les opcions disponibles. per l&#8217;usuari.<\/span><\/span><\/span><\/h4>\n<p>&nbsp;<\/p>\n<h4><span class=\"HwtZe\" lang=\"ca\"><span class=\"jCAhz ChMk0b\"><span class=\"ryNqvb\">Cookies d&#8217;an\u00e0lisi i\/o publicitat: permeten con\u00e8ixer el nombre de visites rebudes a les diferents seccions de les p\u00e0gines web, els h\u00e0bits i tend\u00e8ncies dels seus usuaris i, en conseq\u00fc\u00e8ncia, poder millorar la navegaci\u00f3 i el servei ofert per REVENUESMILES.<\/p>\n<h4><span class=\"HwtZe\" lang=\"ca\"> <span class=\"jCAhz ChMk0b\"><span class=\"ryNqvb\">(fonamentalment, Google Analytics), aix\u00ed com gestionar els espais publicitaris inclosos a la p\u00e0gina web visitada per l&#8217;usuari.<\/span><\/span> <span class=\"jCAhz ChMk0b\"><span class=\"ryNqvb\">Recopila dades de forma an\u00f2nima per obtenir perfils de navegaci\u00f3 dels usuaris.<\/span> span><\/span><\/span><\/h4>\n<h4><\/h4>\n<h4><span class=\"HwtZe\" lang=\"ca\"><span class=\"jCAhz ChMk0b\"><span class=\"ryNqvb\">Classificades per la durada:<\/span><\/span><\/span> <\/h4>\n<h4><span class=\"HwtZe\" lang=\"ca\"><span class=\"jCAhz ChMk0b\"><span class=\"ryNqvb\">Cookies de sessi\u00f3: recullen i emmagatzemen les dades mentre l&#8217;usuari accedeix a la p\u00e0gina web .<\/span><\/span><\/span><\/h4>\n<p>&nbsp;<\/p>\n<h4><span class=\"HwtZe\" lang=\"ca\"><span class=\"jCAhz ChMk0b\"><span class=\"ryNqvb\">Cookies persistents: recullen i emmagatzemen les dades al terminal de l&#8217;usuari durant un per\u00edode de temps variable en funci\u00f3 de quina sigui la finalitat per a la qual han estat utilitzades.<\/span><\/span><\/span><\/h4>\n<p>&nbsp;<\/p>\n<h4><span class=\"HwtZe\" lang=\"ca\"><span class=\"jCAhz ChMk0b\"><span class=\"ryNqvb\">El temps de conservaci\u00f3 de les cookies dependr\u00e0 del tipus de qu\u00e8 es tracti i ser\u00e0 sempre el m\u00ednim indispensable per complir la seva finalitat.<\/span><\/span><\/span><\/h4>\n<p>&nbsp;<\/p>\n<h4><span class=\"HwtZe\" lang=\"ca\"><span class=\"jCAhz ChMk0b\"><span class=\"ryNqvb\">En qualsevol cas, els usuaris poden configurar el vostre navegador, de manera que es deshabiliti o bloquegeu la recepci\u00f3 de totes o algunes de les cookies.<\/span><\/span> <span class=\"jCAhz ChMk0b\"><span class=\"ryNqvb\">El no desitjar rebre aquestes cookies no constitueix un impediment per poder accedir a la informaci\u00f3 dels llocs web de<\/span><\/span><\/span>REVENUESMILES <span class=\"HwtZe\" lang=\"ca\"><span class=\"jCAhz ChMk0b\"><span class=\"ryNqvb\"> encara que l&#8217;\u00fas d&#8217;alguns serveis podr\u00e0 ser limitat.<\/span><\/span> <span class=\"jCAhz ChMk0b\"><span class=\"ryNqvb\">Si un cop atorgat el consentiment per a la recepci\u00f3 de cookies, es vol retirar aquest, s&#8217;hauran d&#8217;eliminar aquelles emmagatzemades a l&#8217;equip de l&#8217;usuari, a trav\u00e9s de les opcions dels diferents navegadors.<\/span><\/span><\/span><\/h4>\n<p>&nbsp;<\/p>\n[cky_outside_audit_table]\n<p>&nbsp;<\/p>\n<h4><span class=\"HwtZe\" lang=\"ca\"><span class=\"jCAhz ChMk0b\"><span class=\"ryNqvb\">La manera de configurar els diferents navegadors per exercitar les accions assenyalades als par\u00e0grafs anteriors, es pot consultar a:<\/span><\/span><\/span><\/h4>\n<p>&nbsp;<\/p>\n<h4>Firefox: http:\/\/support.mozilla.org\/es\/kb\/cookies-informacion-que-los-sitios-web-guardan-en-?redirectlocale=en-US&amp;redirectslug=Cookies<\/h4>\n<h4>Chrome: https:\/\/support.google.com\/chrome\/answer\/95647?hl=ca<\/h4>\n<h4>Explorer: http:\/\/windows.microsoft.com\/es-es\/windows7\/how-to-manage-cookies-in-internet-explorer-9<\/h4>\n<h4>Safari: http:\/\/translate.google.com\/translate?hl=en&amp;sl=en&amp;tl=es&amp;u=http%3A%2F%2Fsupport.apple.com%2Fkb%2Fph5042<\/h4>\n<h4>REVENUESMILES <span class=\"HwtZe\" lang=\"es\"><span class=\"jCAhz ChMk0b\"><span class=\"ryNqvb\">modificar\u00e0 aquesta Pol\u00edtica de cookies sempre que es produeixin canvis en la configuraci\u00f3 i\/o utilitzaci\u00f3 de les mateixes, publicant la seva versi\u00f3 actualitzada als seus llocs web.<\/span><\/span><\/span><\/h4>\n[\/vc_column_text][vc_empty_space][\/vc_column][\/vc_row]\n<\/div>","protected":false},"excerpt":{"rendered":"<p>[vc_row css_animation=&#8221;&#8221; row_type=&#8221;row&#8221; use_row_as_full_screen_section=&#8221;no&#8221; type=&#8221;full_width&#8221; angled_section=&#8221;no&#8221; text_align=&#8221;left&#8221; background_image_as_pattern=&#8221;without_pattern&#8221; z_index=&#8221;&#8221; side_padding=&#8221;6&#8243;][vc_column][vc_empty_space][vc_column_text] &#8212;&#8212;&#8212;&#8212;&#8212;&#8212;&#8212;&#8212;&#8212;&#8212;&#8212; REVENUESMILES utilitza cookies pr\u00f2pies i de tercers per millorar la teva experi\u00e8ncia de navegaci\u00f3 i fer tasques d&#8217;an\u00e0lisi. En continuar navegant entenem que acceptes la nostra Pol\u00edtica de Cookies. &#8212;&#8212;&#8212;&#8212;&#8212;&#8212;&#8212;&#8212;&#8211; REVENUESMILES, a trav\u00e9s del&#8230;<\/p>\n","protected":false},"author":1,"featured_media":0,"parent":0,"menu_order":0,"comment_status":"closed","ping_status":"closed","template":"full_width.php","meta":{"footnotes":""},"class_list":["post-618","page","type-page","status-publish","hentry"],"yoast_head":"<!-- This site is optimized with the Yoast SEO plugin v27.5 - https:\/\/yoast.com\/product\/yoast-seo-wordpress\/ -->\n<title>Pol\u00edtica cookies - Revenuesmiles<\/title>\n<meta name=\"description\" content=\"Revenuesmiles a trav\u00e9s del present document, recull la seva Pol\u00edtica de recollida i tractament de cookies, en compliment del que disposa l&#039;article 22.2 de la Llei 34\/2002, de 11 de juliol.\" \/>\n<meta name=\"robots\" content=\"index, follow, max-snippet:-1, max-image-preview:large, max-video-preview:-1\" \/>\n<link rel=\"canonical\" href=\"https:\/\/revenuesmiles.com\/ca\/politica-cookies\/\" \/>\n<meta property=\"og:locale\" content=\"ca_ES\" \/>\n<meta property=\"og:type\" content=\"article\" \/>\n<meta property=\"og:title\" content=\"Pol\u00edtica cookies - Revenuesmiles\" \/>\n<meta property=\"og:description\" content=\"Revenuesmiles a trav\u00e9s del present document, recull la seva Pol\u00edtica de recollida i tractament de cookies, en compliment del que disposa l&#039;article 22.2 de la Llei 34\/2002, de 11 de juliol.\" \/>\n<meta property=\"og:url\" content=\"https:\/\/revenuesmiles.com\/ca\/politica-cookies\/\" \/>\n<meta property=\"og:site_name\" content=\"Revenuesmiles\" \/>\n<meta property=\"article:publisher\" content=\"https:\/\/www.facebook.com\/lacaaalvo\" \/>\n<meta property=\"article:modified_time\" content=\"2023-11-20T18:58:26+00:00\" \/>\n<meta property=\"og:image\" content=\"https:\/\/revenuesmiles.com\/wp-content\/uploads\/2023\/10\/revenuesmiles-logo-tlf.png\" \/>\n\t<meta property=\"og:image:width\" content=\"150\" \/>\n\t<meta property=\"og:image:height\" content=\"72\" \/>\n\t<meta property=\"og:image:type\" content=\"image\/png\" \/>\n<meta name=\"twitter:card\" content=\"summary_large_image\" \/>\n<meta name=\"twitter:label1\" content=\"Temps estimat de lectura\" \/>\n\t<meta name=\"twitter:data1\" content=\"4 minuts\" \/>\n<script type=\"application\/ld+json\" class=\"yoast-schema-graph\">{\"@context\":\"https:\\\/\\\/schema.org\",\"@graph\":[{\"@type\":\"WebPage\",\"@id\":\"https:\\\/\\\/revenuesmiles.com\\\/ca\\\/politica-cookies\\\/\",\"url\":\"https:\\\/\\\/revenuesmiles.com\\\/ca\\\/politica-cookies\\\/\",\"name\":\"Pol\u00edtica cookies - Revenuesmiles\",\"isPartOf\":{\"@id\":\"https:\\\/\\\/revenuesmiles.com\\\/ca\\\/#website\"},\"datePublished\":\"2023-11-20T18:54:14+00:00\",\"dateModified\":\"2023-11-20T18:58:26+00:00\",\"description\":\"Revenuesmiles a trav\u00e9s del present document, recull la seva Pol\u00edtica de recollida i tractament de cookies, en compliment del que disposa l'article 22.2 de la Llei 34\\\/2002, de 11 de juliol.\",\"breadcrumb\":{\"@id\":\"https:\\\/\\\/revenuesmiles.com\\\/ca\\\/politica-cookies\\\/#breadcrumb\"},\"inLanguage\":\"ca\",\"potentialAction\":[{\"@type\":\"ReadAction\",\"target\":[\"https:\\\/\\\/revenuesmiles.com\\\/ca\\\/politica-cookies\\\/\"]}]},{\"@type\":\"BreadcrumbList\",\"@id\":\"https:\\\/\\\/revenuesmiles.com\\\/ca\\\/politica-cookies\\\/#breadcrumb\",\"itemListElement\":[{\"@type\":\"ListItem\",\"position\":1,\"name\":\"Portada\",\"item\":\"https:\\\/\\\/revenuesmiles.com\\\/ca\\\/\"},{\"@type\":\"ListItem\",\"position\":2,\"name\":\"Pol\u00edtica cookies\"}]},{\"@type\":\"WebSite\",\"@id\":\"https:\\\/\\\/revenuesmiles.com\\\/ca\\\/#website\",\"url\":\"https:\\\/\\\/revenuesmiles.com\\\/ca\\\/\",\"name\":\"Revenuesmiles\",\"description\":\"Potencio la felicidad y el \u00e9xito de hoteleros independientes a trav\u00e9s de estrategias de Revenue Management y Marketing Digital, generando sonrisas mientras impulsamos la rentabilidad y sostenibilidad del negocio.\",\"publisher\":{\"@id\":\"https:\\\/\\\/revenuesmiles.com\\\/ca\\\/#\\\/schema\\\/person\\\/2676b96366c18f508dad1bddeaae7953\"},\"potentialAction\":[{\"@type\":\"SearchAction\",\"target\":{\"@type\":\"EntryPoint\",\"urlTemplate\":\"https:\\\/\\\/revenuesmiles.com\\\/ca\\\/?s={search_term_string}\"},\"query-input\":{\"@type\":\"PropertyValueSpecification\",\"valueRequired\":true,\"valueName\":\"search_term_string\"}}],\"inLanguage\":\"ca\"},{\"@type\":[\"Person\",\"Organization\"],\"@id\":\"https:\\\/\\\/revenuesmiles.com\\\/ca\\\/#\\\/schema\\\/person\\\/2676b96366c18f508dad1bddeaae7953\",\"name\":\"Iolanda\",\"image\":{\"@type\":\"ImageObject\",\"inLanguage\":\"ca\",\"@id\":\"https:\\\/\\\/revenuesmiles.com\\\/wp-content\\\/uploads\\\/2023\\\/10\\\/revenuesmiles-logo.png\",\"url\":\"https:\\\/\\\/revenuesmiles.com\\\/wp-content\\\/uploads\\\/2023\\\/10\\\/revenuesmiles-logo.png\",\"contentUrl\":\"https:\\\/\\\/revenuesmiles.com\\\/wp-content\\\/uploads\\\/2023\\\/10\\\/revenuesmiles-logo.png\",\"width\":300,\"height\":143,\"caption\":\"Iolanda\"},\"logo\":{\"@id\":\"https:\\\/\\\/revenuesmiles.com\\\/wp-content\\\/uploads\\\/2023\\\/10\\\/revenuesmiles-logo.png\"},\"sameAs\":[\"http:\\\/\\\/revenuesmiles.com\",\"https:\\\/\\\/www.facebook.com\\\/lacaaalvo\",\"https:\\\/\\\/www.instagram.com\\\/la___calvo\\\/\",\"www.linkedin.com\\\/in\\\/iolandacalvo\"]}]}<\/script>\n<!-- \/ Yoast SEO plugin. -->","yoast_head_json":{"title":"Pol\u00edtica cookies - Revenuesmiles","description":"Revenuesmiles a trav\u00e9s del present document, recull la seva Pol\u00edtica de recollida i tractament de cookies, en compliment del que disposa l'article 22.2 de la Llei 34\/2002, de 11 de juliol.","robots":{"index":"index","follow":"follow","max-snippet":"max-snippet:-1","max-image-preview":"max-image-preview:large","max-video-preview":"max-video-preview:-1"},"canonical":"https:\/\/revenuesmiles.com\/ca\/politica-cookies\/","og_locale":"ca_ES","og_type":"article","og_title":"Pol\u00edtica cookies - Revenuesmiles","og_description":"Revenuesmiles a trav\u00e9s del present document, recull la seva Pol\u00edtica de recollida i tractament de cookies, en compliment del que disposa l'article 22.2 de la Llei 34\/2002, de 11 de juliol.","og_url":"https:\/\/revenuesmiles.com\/ca\/politica-cookies\/","og_site_name":"Revenuesmiles","article_publisher":"https:\/\/www.facebook.com\/lacaaalvo","article_modified_time":"2023-11-20T18:58:26+00:00","og_image":[{"width":150,"height":72,"url":"https:\/\/revenuesmiles.com\/wp-content\/uploads\/2023\/10\/revenuesmiles-logo-tlf.png","type":"image\/png"}],"twitter_card":"summary_large_image","twitter_misc":{"Temps estimat de lectura":"4 minuts"},"schema":{"@context":"https:\/\/schema.org","@graph":[{"@type":"WebPage","@id":"https:\/\/revenuesmiles.com\/ca\/politica-cookies\/","url":"https:\/\/revenuesmiles.com\/ca\/politica-cookies\/","name":"Pol\u00edtica cookies - Revenuesmiles","isPartOf":{"@id":"https:\/\/revenuesmiles.com\/ca\/#website"},"datePublished":"2023-11-20T18:54:14+00:00","dateModified":"2023-11-20T18:58:26+00:00","description":"Revenuesmiles a trav\u00e9s del present document, recull la seva Pol\u00edtica de recollida i tractament de cookies, en compliment del que disposa l'article 22.2 de la Llei 34\/2002, de 11 de juliol.","breadcrumb":{"@id":"https:\/\/revenuesmiles.com\/ca\/politica-cookies\/#breadcrumb"},"inLanguage":"ca","potentialAction":[{"@type":"ReadAction","target":["https:\/\/revenuesmiles.com\/ca\/politica-cookies\/"]}]},{"@type":"BreadcrumbList","@id":"https:\/\/revenuesmiles.com\/ca\/politica-cookies\/#breadcrumb","itemListElement":[{"@type":"ListItem","position":1,"name":"Portada","item":"https:\/\/revenuesmiles.com\/ca\/"},{"@type":"ListItem","position":2,"name":"Pol\u00edtica cookies"}]},{"@type":"WebSite","@id":"https:\/\/revenuesmiles.com\/ca\/#website","url":"https:\/\/revenuesmiles.com\/ca\/","name":"Revenuesmiles","description":"Potencio la felicidad y el \u00e9xito de hoteleros independientes a trav\u00e9s de estrategias de Revenue Management y Marketing Digital, generando sonrisas mientras impulsamos la rentabilidad y sostenibilidad del negocio.","publisher":{"@id":"https:\/\/revenuesmiles.com\/ca\/#\/schema\/person\/2676b96366c18f508dad1bddeaae7953"},"potentialAction":[{"@type":"SearchAction","target":{"@type":"EntryPoint","urlTemplate":"https:\/\/revenuesmiles.com\/ca\/?s={search_term_string}"},"query-input":{"@type":"PropertyValueSpecification","valueRequired":true,"valueName":"search_term_string"}}],"inLanguage":"ca"},{"@type":["Person","Organization"],"@id":"https:\/\/revenuesmiles.com\/ca\/#\/schema\/person\/2676b96366c18f508dad1bddeaae7953","name":"Iolanda","image":{"@type":"ImageObject","inLanguage":"ca","@id":"https:\/\/revenuesmiles.com\/wp-content\/uploads\/2023\/10\/revenuesmiles-logo.png","url":"https:\/\/revenuesmiles.com\/wp-content\/uploads\/2023\/10\/revenuesmiles-logo.png","contentUrl":"https:\/\/revenuesmiles.com\/wp-content\/uploads\/2023\/10\/revenuesmiles-logo.png","width":300,"height":143,"caption":"Iolanda"},"logo":{"@id":"https:\/\/revenuesmiles.com\/wp-content\/uploads\/2023\/10\/revenuesmiles-logo.png"},"sameAs":["http:\/\/revenuesmiles.com","https:\/\/www.facebook.com\/lacaaalvo","https:\/\/www.instagram.com\/la___calvo\/","www.linkedin.com\/in\/iolandacalvo"]}]}},"_links":{"self":[{"href":"https:\/\/revenuesmiles.com\/ca\/wp-json\/wp\/v2\/pages\/618","targetHints":{"allow":["GET"]}}],"collection":[{"href":"https:\/\/revenuesmiles.com\/ca\/wp-json\/wp\/v2\/pages"}],"about":[{"href":"https:\/\/revenuesmiles.com\/ca\/wp-json\/wp\/v2\/types\/page"}],"author":[{"embeddable":true,"href":"https:\/\/revenuesmiles.com\/ca\/wp-json\/wp\/v2\/users\/1"}],"replies":[{"embeddable":true,"href":"https:\/\/revenuesmiles.com\/ca\/wp-json\/wp\/v2\/comments?post=618"}],"version-history":[{"count":4,"href":"https:\/\/revenuesmiles.com\/ca\/wp-json\/wp\/v2\/pages\/618\/revisions"}],"predecessor-version":[{"id":623,"href":"https:\/\/revenuesmiles.com\/ca\/wp-json\/wp\/v2\/pages\/618\/revisions\/623"}],"wp:attachment":[{"href":"https:\/\/revenuesmiles.com\/ca\/wp-json\/wp\/v2\/media?parent=618"}],"curies":[{"name":"wp","href":"https:\/\/api.w.org\/{rel}","templated":true}]}}