{"id":624,"date":"2023-11-20T20:43:23","date_gmt":"2023-11-20T19:43:23","guid":{"rendered":"https:\/\/revenuesmiles.com\/politica-de-privacitat\/"},"modified":"2023-11-20T20:43:25","modified_gmt":"2023-11-20T19:43:25","slug":"politica-de-privacitat","status":"publish","type":"page","link":"https:\/\/revenuesmiles.com\/ca\/politica-de-privacitat\/","title":{"rendered":"Pol\u00edtica de privacitat"},"content":{"rendered":"<div class=\"wpb-content-wrapper\">[vc_row css_animation=&#8221;&#8221; row_type=&#8221;row&#8221; use_row_as_full_screen_section=&#8221;no&#8221; type=&#8221;full_width&#8221; angled_section=&#8221;no&#8221; text_align=&#8221;left&#8221; background_image_as_pattern=&#8221;without_pattern&#8221;][vc_column][vc_empty_space][vc_column_text]\n&#13;\n<div class=\"row \">&#13;\n<div class=\"span12 \">&#13;\n<h4 class=\"wp-block-heading\">Aquesta Pol\u00edtica de Privadesa i Cookies estableix les bases sobre les quals REVENUESMILES, amb domicili al C\/Dos de Maig 222 1r 3a, 08013 Barcelona, Espanya (d&#8217;ara endavant, conjuntament \u201cNosaltres\u201d o \u201cels Responsables del Tractament\u201d), tracten les seves dades personals quan ens els faciliti durant la seva experi\u00e8ncia a trav\u00e9s de la p\u00e0gina web www.revenuesmiles.com (d&#8217;ara endavant, \u201cla Web\u201d).<\/h4>&#13;\n<p>\u00a0<\/p>&#13;\n<h4>Aquesta Pol\u00edtica de Privadesa i Cookies i els nostres Termes i Condicions podrien ser modificats. \u00c9s responsabilitat de llegir-los peri\u00f2dicament, ja que s\u00f3n aplicables aquells que es trobin vigents en el moment d&#8217;\u00fas de la Plataforma.<\/h4>&#13;\n<p>\u00a0<\/p>&#13;\n<h2>1. RECOLLIDA DE DADES PERSONALS I FINALITATS DEL TRACTAMENT<\/h2>&#13;\n<h4>Recordeu que abans de comen\u00e7ar a utilitzar qualsevol dels nostres serveis o funcionalitats, haureu de llegir en aquesta Pol\u00edtica de Privadesa i Cookies, aix\u00ed com els Termes i Condicions a la secci\u00f3 espec\u00edfica sobre aquest servei o funcionalitat. A la secci\u00f3 podr\u00e0 veure si hi ha alguna condici\u00f3 particular per al seu \u00fas, o si requereix un tractament espec\u00edfic de les seves Dades Personals. El fet de no facilitar certa informaci\u00f3 assenyalada com a obligat\u00f2ria, pot comportar que no sigui possible gestionar-ne el registre com a usuari o l&#8217;\u00fas de determinades funcionalitats o serveis disponibles a trav\u00e9s de la Plataforma.&#13;\n<\/h4>&#13;\n<p>\u00a0<\/p>&#13;\n<h4>L&#8217;usuari (vost\u00e8) per la present garanteix que les Dades Personals proporcionades s\u00f3n certes i exactes i es compromet a notificar-ne qualsevol canvi o modificaci\u00f3. En el cas que ens aporti Dades Personals de tercers, vost\u00e8 es responsabilitza d&#8217;haver informat i haver obtingut el consentiment d&#8217;aquests per ser aportats amb les finalitats indicades als apartats corresponents de la present Pol\u00edtica de Privadesa i Cookies. Qualsevol p\u00e8rdua o dany causat a la Plataforma, als Responsables del Tractament oa qualsevol tercer mitjan\u00e7ant la comunicaci\u00f3 d&#8217;informaci\u00f3 err\u00f2nia, inexacta o incompleta als formularis de registre ser\u00e0 responsabilitat exclusiva de l&#8217;usuari.<\/h4>&#13;\n<p>\u00a0<\/p>&#13;\n<h4>1.1.<\/h4>&#13;\n<h4>REVENUESMILES, com a responsable del fitxer, tractar\u00e0 les seves Dades Personals amb les finalitats seg\u00fcents:<\/h4>&#13;\n<h4>1.1.1. Gestionar el vostre registre com a usuari de la Plataforma. Les Dades Personals que ens aporti seran objecte de tractament per identificar-lo com a usuari de la Plataforma i donar-li acc\u00e9s a les diferents funcionalitats, productes i serveis que estan a la seva disposici\u00f3 com a usuari registrat.<\/h4>&#13;\n<h4>1.1.2. El desenvolupament, compliment i execuci\u00f3 del contracte de compravenda dels productes o serveis que ha adquirit o de qualsevol altre contracte amb Nosaltres a trav\u00e9s de la Plataforma.<\/h4>&#13;\n<h4>1.1.3. Contactar amb vost\u00e8 a trav\u00e9s de correu electr\u00f2nic, trucades telef\u00f2niques, enviament de SMS o altres mitjans de comunicaci\u00f3 electr\u00f2nics equivalents, com ara les notificacions push de l&#8217;App, etc. en relaci\u00f3 amb actualitzacions o comunicacions informatives relacionades amb les funcionalitats, productes o serveis contractats, incloses actualitzacions de seguretat de la Plataforma, sempre que sigui necessari o raonable per a la seva execuci\u00f3.<\/h4>&#13;\n<h4>1.1.4. Atendre les sol\u00b7licituds que ens plantegeu a trav\u00e9s dels mitjans posats a la vostra disposici\u00f3 a l&#8217;apartat de Contacti amb nosaltres.<\/h4>&#13;\n<p>\u00a0<\/p>&#13;\n<h2>2. DRETS DE PROTECCI\u00d3 DE DADES<\/h2>&#13;\n<h4>Els responsables del tractament es comprometen a respectar la confidencialitat de les vostres dades personals ia garantir-vos l&#8217;exercici dels vostres drets. En tot moment podreu exercir els vostres drets d&#8217;acc\u00e9s, rectificaci\u00f3, cancel\u00b7laci\u00f3 i oposici\u00f3 mitjan\u00e7ant l&#8217;enviament d&#8217;un correu electr\u00f2nic a: info@revenuesmiles.com, indicant-nos el motiu de la vostra sol\u00b7licitud. En cas necessari, podrem sol\u00b7licitar c\u00f2pia del vostre DNI, passaport o altre document v\u00e0lid que l&#8217;identifiqui. En el cas que decid\u00eds exercir aquests drets i que com a part de les dades personals que ens hagu\u00e9s facilitat consti el correu electr\u00f2nic li agrair\u00edem que en la comunicaci\u00f3 esmentada es fes constar espec\u00edficament aquesta circumst\u00e0ncia, indicant l&#8217;adre\u00e7a de correu electr\u00f2nic respecte de la que desitja exercitar el dret d&#8217;acc\u00e9s, rectificaci\u00f3, cancel\u00b7laci\u00f3 o oposici\u00f3.<\/h4>&#13;\n<h4>\u00a0<\/h4>&#13;\n<h2>4. INFORMACI\u00d3 SOBRE COOKIES<\/h2>&#13;\n<h4>Utilitzem cookies, que s\u00f3n petits fitxers amb informaci\u00f3 sobre la seva navegaci\u00f3 en aquesta Plataforma i la finalitat principal de la qual \u00e9s facilitar-ne la navegaci\u00f3. Si us plau, continueu llegint per con\u00e8ixer amb m\u00e9s detall les cookies que usem, la seva finalitat i altra informaci\u00f3 d&#8217;inter\u00e8s.<\/h4>&#13;\n<p>\u00a0<\/p>&#13;\n<h4>Informaci\u00f3 sobre Cookies<\/h4>&#13;\n<p>\u00a0<\/p>&#13;\n<h4>Qu\u00e8 \u00e9s una Cookie?<\/h4>&#13;\n<h4>Una Cookie \u00e9s un petit fitxer de text que un lloc web col\u00b7loca al vostre PC, tel\u00e8fon o qualsevol altre dispositiu, amb informaci\u00f3 sobre la vostra navegaci\u00f3 en aquest lloc. Les galetes s\u00f3n necess\u00e0ries per facilitar la navegaci\u00f3 i fer-la m\u00e9s amigable, i no fan malb\u00e9 l&#8217;ordinador. Si b\u00e9 en aquesta pol\u00edtica s&#8217;utilitza el terme general de \u201cCookie\u201d, ja que \u00e9s el principal m\u00e8tode d&#8217;emmagatzematge d&#8217;informaci\u00f3 que utilitza aquest lloc web, tamb\u00e9 \u00e9s utilitzat l&#8217;espai de \u201cEmmagatzematge local\u201d del navegador per als mateixos prop\u00f2sits que les galetes . En aquest sentit, tota la informaci\u00f3 inclosa en aquesta secci\u00f3 \u00e9s aplicable igualment a aquest \u201cEmmagatzematge local\u201d.<\/h4>&#13;\n<p>\u00a0<\/p>&#13;\n<h4>Per qu\u00e8 s&#8217;utilitzen les galetes en aquest lloc web?<\/h4>&#13;\n<h4>Les galetes s\u00f3n una part essencial de com funciona el nostre lloc web. L&#8217;objectiu principal de les nostres galetes \u00e9s millorar la seva experi\u00e8ncia en la navegaci\u00f3. Per exemple, s\u00f3n utilitzades per recordar les vostres prefer\u00e8ncies (idioma, pa\u00eds, etc.) durant la navegaci\u00f3 i en futures visites. La informaci\u00f3 recollida a les galetes ens permet, a m\u00e9s, millorar el web mitjan\u00e7ant estimacions sobre n\u00fameros i patrons d&#8217;\u00fas, l&#8217;adaptaci\u00f3 del lloc web als interessos individuals dels usuaris, l&#8217;acceleraci\u00f3 de les cerques, etc. De vegades, si hem obtingut el seu previ consentiment informat, podrem utilitzar Cookies, tags o altres dispositius similars per obtenir informaci\u00f3 que ens permeti mostrar-vos des del nostre lloc web, els de tercers, o qualsevol altre mitj\u00e0 o publicitat basada en l&#8217;an\u00e0lisi dels seus h\u00e0bits de navegaci\u00f3.<\/h4>&#13;\n<p>\u00a0<\/p>&#13;\n<h4>Per qu\u00e8 NO s&#8217;utilitzen les galetes en aquesta web?<\/h4>&#13;\n<h4>Nosaltres no emmagatzemem informaci\u00f3 sensible d&#8217;identificaci\u00f3 personal com la vostra adre\u00e7a, la vostra contrasenya, les dades de la vostra targeta de cr\u00e8dit o d\u00e8bit, etc., a les galetes que utilitzem.<\/h4>&#13;\n<p>\u00a0<\/p>&#13;\n<h4>Qui utilitza la informaci\u00f3 emmagatzemada a les galetes?<\/h4>&#13;\n<h4>La informaci\u00f3 emmagatzemada a les Cookies del nostre lloc web \u00e9s utilitzada exclusivament per nosaltres, a excepci\u00f3 d&#8217;aquelles identificades m\u00e9s endavant com a \u201cCookies de tercers\u201d, que s\u00f3n utilitzades i gestionades per entitats externes per proporcionar-nos serveis sol\u00b7licitats per nosaltres per millorar els nostres serveis i la experi\u00e8ncia de lusuari en navegar al nostre lloc web. Els principals serveis per als quals s&#8217;utilitzen aquestes galetes de tercers s\u00f3n l&#8217;obtenci\u00f3 d&#8217;estad\u00edstiques d&#8217;accessos i garantir les operacions de pagament realitzades.<\/h4>&#13;\n<p>\u00a0<\/p>&#13;\n<h4>Com puc evitar l&#8217;\u00fas de galetes en aquest lloc web?<\/h4>&#13;\n<h4>Si preferiu evitar l&#8217;\u00fas de Cookies en aquesta p\u00e0gina tenint en compte les limitacions anteriors, en primer lloc, deshabilitar al vostre navegador l&#8217;\u00fas de Cookies i, en segon lloc, eliminar les Cookies guardades al vostre navegador associades a aquest lloc web. Aquesta possibilitat d&#8217;evitar l&#8217;\u00fas de galetes pot ser duta a terme per vost\u00e8 en qualsevol moment.<\/h4>&#13;\n<p>\u00a0<\/p>&#13;\n<h4>Com deshabilitar i eliminar la utilitzaci\u00f3 de Cookies?<\/h4>&#13;\n<h4>Per restringir, bloquejar o esborrar les galetes d&#8217;aquest lloc web podeu fer-ho, en qualsevol moment, modificant la configuraci\u00f3 del vostre navegador d&#8217;acord amb les pautes que s&#8217;indiquen a continuaci\u00f3. Si b\u00e9 la parametritzaci\u00f3 de cada navegador \u00e9s diferent, \u00e9s habitual que la configuraci\u00f3 de les galetes es faci al men\u00fa de \u201cPrefer\u00e8ncies\u201d o \u201cEines\u201d. Per a m\u00e9s detalls sobre la configuraci\u00f3 de les Cookies al vostre navegador, consulteu el men\u00fa &#8220;Ajuda&#8221; del mateix.<\/h4>&#13;\n<p>\u00a0<\/p>&#13;\n<\/div>&#13;\n<\/div>&#13;\n<h4><\/h4><\/h4>\n&#13;\n<h4 class=\"wp-block-heading\">\u00a0<\/h4>&#13;\n<h4><\/h4><\/h4>\n&#13;\n<h4 class=\"wp-block-heading\">\u00a0<\/h4>&#13;\n<p>&nbsp;<\/p>\n[\/vc_column_text][\/vc_column][\/vc_row]\n<\/div>","protected":false},"excerpt":{"rendered":"<p>[vc_row css_animation=&#8221;&#8221; row_type=&#8221;row&#8221; use_row_as_full_screen_section=&#8221;no&#8221; type=&#8221;full_width&#8221; angled_section=&#8221;no&#8221; text_align=&#8221;left&#8221; background_image_as_pattern=&#8221;without_pattern&#8221;][vc_column][vc_empty_space][vc_column_text] &#13; &#13; &#13; Aquesta Pol\u00edtica de Privadesa i Cookies estableix les bases sobre les quals REVENUESMILES, amb domicili al C\/Dos de Maig 222 1r 3a, 08013 Barcelona, Espanya (d&#8217;ara endavant, conjuntament \u201cNosaltres\u201d o \u201cels Responsables del Tractament\u201d),&#8230;<\/p>\n","protected":false},"author":1,"featured_media":0,"parent":0,"menu_order":0,"comment_status":"closed","ping_status":"closed","template":"","meta":{"footnotes":""},"class_list":["post-624","page","type-page","status-publish","hentry"],"yoast_head":"<!-- This site is optimized with the Yoast SEO plugin v27.4 - https:\/\/yoast.com\/product\/yoast-seo-wordpress\/ -->\n<title>Pol\u00edtica de privacitat - Revenuesmiles<\/title>\n<meta name=\"description\" content=\"Pol\u00edtica de privadesa tracta les seves dades personals quan ens les faciliti durant la seva experi\u00e8ncia a trav\u00e9s de la p\u00e0gina web www.revenuesmiles.com.\" \/>\n<meta name=\"robots\" content=\"index, follow, max-snippet:-1, max-image-preview:large, max-video-preview:-1\" \/>\n<link rel=\"canonical\" href=\"https:\/\/revenuesmiles.com\/ca\/politica-de-privacitat\/\" \/>\n<meta property=\"og:locale\" content=\"ca_ES\" \/>\n<meta property=\"og:type\" content=\"article\" \/>\n<meta property=\"og:title\" content=\"Pol\u00edtica de privacitat - Revenuesmiles\" \/>\n<meta property=\"og:description\" content=\"Pol\u00edtica de privadesa tracta les seves dades personals quan ens les faciliti durant la seva experi\u00e8ncia a trav\u00e9s de la p\u00e0gina web www.revenuesmiles.com.\" \/>\n<meta property=\"og:url\" content=\"https:\/\/revenuesmiles.com\/ca\/politica-de-privacitat\/\" \/>\n<meta property=\"og:site_name\" content=\"Revenuesmiles\" \/>\n<meta property=\"article:publisher\" content=\"https:\/\/www.facebook.com\/lacaaalvo\" \/>\n<meta property=\"article:modified_time\" content=\"2023-11-20T19:43:25+00:00\" \/>\n<meta property=\"og:image\" content=\"https:\/\/revenuesmiles.com\/wp-content\/uploads\/2023\/10\/revenuesmiles-logo-tlf.png\" \/>\n\t<meta property=\"og:image:width\" content=\"150\" \/>\n\t<meta property=\"og:image:height\" content=\"72\" \/>\n\t<meta property=\"og:image:type\" content=\"image\/png\" \/>\n<meta name=\"twitter:card\" content=\"summary_large_image\" \/>\n<meta name=\"twitter:label1\" content=\"Temps estimat de lectura\" \/>\n\t<meta name=\"twitter:data1\" content=\"6 minuts\" \/>\n<script type=\"application\/ld+json\" class=\"yoast-schema-graph\">{\"@context\":\"https:\\\/\\\/schema.org\",\"@graph\":[{\"@type\":\"WebPage\",\"@id\":\"https:\\\/\\\/revenuesmiles.com\\\/ca\\\/politica-de-privacitat\\\/\",\"url\":\"https:\\\/\\\/revenuesmiles.com\\\/ca\\\/politica-de-privacitat\\\/\",\"name\":\"Pol\u00edtica de privacitat - Revenuesmiles\",\"isPartOf\":{\"@id\":\"https:\\\/\\\/revenuesmiles.com\\\/ca\\\/#website\"},\"datePublished\":\"2023-11-20T19:43:23+00:00\",\"dateModified\":\"2023-11-20T19:43:25+00:00\",\"description\":\"Pol\u00edtica de privadesa tracta les seves dades personals quan ens les faciliti durant la seva experi\u00e8ncia a trav\u00e9s de la p\u00e0gina web www.revenuesmiles.com.\",\"breadcrumb\":{\"@id\":\"https:\\\/\\\/revenuesmiles.com\\\/ca\\\/politica-de-privacitat\\\/#breadcrumb\"},\"inLanguage\":\"ca\",\"potentialAction\":[{\"@type\":\"ReadAction\",\"target\":[\"https:\\\/\\\/revenuesmiles.com\\\/ca\\\/politica-de-privacitat\\\/\"]}]},{\"@type\":\"BreadcrumbList\",\"@id\":\"https:\\\/\\\/revenuesmiles.com\\\/ca\\\/politica-de-privacitat\\\/#breadcrumb\",\"itemListElement\":[{\"@type\":\"ListItem\",\"position\":1,\"name\":\"Portada\",\"item\":\"https:\\\/\\\/revenuesmiles.com\\\/ca\\\/\"},{\"@type\":\"ListItem\",\"position\":2,\"name\":\"Pol\u00edtica de privacitat\"}]},{\"@type\":\"WebSite\",\"@id\":\"https:\\\/\\\/revenuesmiles.com\\\/ca\\\/#website\",\"url\":\"https:\\\/\\\/revenuesmiles.com\\\/ca\\\/\",\"name\":\"Revenuesmiles\",\"description\":\"Potencio la felicidad y el \u00e9xito de hoteleros independientes a trav\u00e9s de estrategias de Revenue Management y Marketing Digital, generando sonrisas mientras impulsamos la rentabilidad y sostenibilidad del negocio.\",\"publisher\":{\"@id\":\"https:\\\/\\\/revenuesmiles.com\\\/ca\\\/#\\\/schema\\\/person\\\/2676b96366c18f508dad1bddeaae7953\"},\"potentialAction\":[{\"@type\":\"SearchAction\",\"target\":{\"@type\":\"EntryPoint\",\"urlTemplate\":\"https:\\\/\\\/revenuesmiles.com\\\/ca\\\/?s={search_term_string}\"},\"query-input\":{\"@type\":\"PropertyValueSpecification\",\"valueRequired\":true,\"valueName\":\"search_term_string\"}}],\"inLanguage\":\"ca\"},{\"@type\":[\"Person\",\"Organization\"],\"@id\":\"https:\\\/\\\/revenuesmiles.com\\\/ca\\\/#\\\/schema\\\/person\\\/2676b96366c18f508dad1bddeaae7953\",\"name\":\"Iolanda\",\"image\":{\"@type\":\"ImageObject\",\"inLanguage\":\"ca\",\"@id\":\"https:\\\/\\\/revenuesmiles.com\\\/wp-content\\\/uploads\\\/2023\\\/10\\\/revenuesmiles-logo.png\",\"url\":\"https:\\\/\\\/revenuesmiles.com\\\/wp-content\\\/uploads\\\/2023\\\/10\\\/revenuesmiles-logo.png\",\"contentUrl\":\"https:\\\/\\\/revenuesmiles.com\\\/wp-content\\\/uploads\\\/2023\\\/10\\\/revenuesmiles-logo.png\",\"width\":300,\"height\":143,\"caption\":\"Iolanda\"},\"logo\":{\"@id\":\"https:\\\/\\\/revenuesmiles.com\\\/wp-content\\\/uploads\\\/2023\\\/10\\\/revenuesmiles-logo.png\"},\"sameAs\":[\"http:\\\/\\\/revenuesmiles.com\",\"https:\\\/\\\/www.facebook.com\\\/lacaaalvo\",\"https:\\\/\\\/www.instagram.com\\\/la___calvo\\\/\",\"www.linkedin.com\\\/in\\\/iolandacalvo\"]}]}<\/script>\n<!-- \/ Yoast SEO plugin. -->","yoast_head_json":{"title":"Pol\u00edtica de privacitat - Revenuesmiles","description":"Pol\u00edtica de privadesa tracta les seves dades personals quan ens les faciliti durant la seva experi\u00e8ncia a trav\u00e9s de la p\u00e0gina web www.revenuesmiles.com.","robots":{"index":"index","follow":"follow","max-snippet":"max-snippet:-1","max-image-preview":"max-image-preview:large","max-video-preview":"max-video-preview:-1"},"canonical":"https:\/\/revenuesmiles.com\/ca\/politica-de-privacitat\/","og_locale":"ca_ES","og_type":"article","og_title":"Pol\u00edtica de privacitat - Revenuesmiles","og_description":"Pol\u00edtica de privadesa tracta les seves dades personals quan ens les faciliti durant la seva experi\u00e8ncia a trav\u00e9s de la p\u00e0gina web www.revenuesmiles.com.","og_url":"https:\/\/revenuesmiles.com\/ca\/politica-de-privacitat\/","og_site_name":"Revenuesmiles","article_publisher":"https:\/\/www.facebook.com\/lacaaalvo","article_modified_time":"2023-11-20T19:43:25+00:00","og_image":[{"width":150,"height":72,"url":"https:\/\/revenuesmiles.com\/wp-content\/uploads\/2023\/10\/revenuesmiles-logo-tlf.png","type":"image\/png"}],"twitter_card":"summary_large_image","twitter_misc":{"Temps estimat de lectura":"6 minuts"},"schema":{"@context":"https:\/\/schema.org","@graph":[{"@type":"WebPage","@id":"https:\/\/revenuesmiles.com\/ca\/politica-de-privacitat\/","url":"https:\/\/revenuesmiles.com\/ca\/politica-de-privacitat\/","name":"Pol\u00edtica de privacitat - Revenuesmiles","isPartOf":{"@id":"https:\/\/revenuesmiles.com\/ca\/#website"},"datePublished":"2023-11-20T19:43:23+00:00","dateModified":"2023-11-20T19:43:25+00:00","description":"Pol\u00edtica de privadesa tracta les seves dades personals quan ens les faciliti durant la seva experi\u00e8ncia a trav\u00e9s de la p\u00e0gina web www.revenuesmiles.com.","breadcrumb":{"@id":"https:\/\/revenuesmiles.com\/ca\/politica-de-privacitat\/#breadcrumb"},"inLanguage":"ca","potentialAction":[{"@type":"ReadAction","target":["https:\/\/revenuesmiles.com\/ca\/politica-de-privacitat\/"]}]},{"@type":"BreadcrumbList","@id":"https:\/\/revenuesmiles.com\/ca\/politica-de-privacitat\/#breadcrumb","itemListElement":[{"@type":"ListItem","position":1,"name":"Portada","item":"https:\/\/revenuesmiles.com\/ca\/"},{"@type":"ListItem","position":2,"name":"Pol\u00edtica de privacitat"}]},{"@type":"WebSite","@id":"https:\/\/revenuesmiles.com\/ca\/#website","url":"https:\/\/revenuesmiles.com\/ca\/","name":"Revenuesmiles","description":"Potencio la felicidad y el \u00e9xito de hoteleros independientes a trav\u00e9s de estrategias de Revenue Management y Marketing Digital, generando sonrisas mientras impulsamos la rentabilidad y sostenibilidad del negocio.","publisher":{"@id":"https:\/\/revenuesmiles.com\/ca\/#\/schema\/person\/2676b96366c18f508dad1bddeaae7953"},"potentialAction":[{"@type":"SearchAction","target":{"@type":"EntryPoint","urlTemplate":"https:\/\/revenuesmiles.com\/ca\/?s={search_term_string}"},"query-input":{"@type":"PropertyValueSpecification","valueRequired":true,"valueName":"search_term_string"}}],"inLanguage":"ca"},{"@type":["Person","Organization"],"@id":"https:\/\/revenuesmiles.com\/ca\/#\/schema\/person\/2676b96366c18f508dad1bddeaae7953","name":"Iolanda","image":{"@type":"ImageObject","inLanguage":"ca","@id":"https:\/\/revenuesmiles.com\/wp-content\/uploads\/2023\/10\/revenuesmiles-logo.png","url":"https:\/\/revenuesmiles.com\/wp-content\/uploads\/2023\/10\/revenuesmiles-logo.png","contentUrl":"https:\/\/revenuesmiles.com\/wp-content\/uploads\/2023\/10\/revenuesmiles-logo.png","width":300,"height":143,"caption":"Iolanda"},"logo":{"@id":"https:\/\/revenuesmiles.com\/wp-content\/uploads\/2023\/10\/revenuesmiles-logo.png"},"sameAs":["http:\/\/revenuesmiles.com","https:\/\/www.facebook.com\/lacaaalvo","https:\/\/www.instagram.com\/la___calvo\/","www.linkedin.com\/in\/iolandacalvo"]}]}},"_links":{"self":[{"href":"https:\/\/revenuesmiles.com\/ca\/wp-json\/wp\/v2\/pages\/624","targetHints":{"allow":["GET"]}}],"collection":[{"href":"https:\/\/revenuesmiles.com\/ca\/wp-json\/wp\/v2\/pages"}],"about":[{"href":"https:\/\/revenuesmiles.com\/ca\/wp-json\/wp\/v2\/types\/page"}],"author":[{"embeddable":true,"href":"https:\/\/revenuesmiles.com\/ca\/wp-json\/wp\/v2\/users\/1"}],"replies":[{"embeddable":true,"href":"https:\/\/revenuesmiles.com\/ca\/wp-json\/wp\/v2\/comments?post=624"}],"version-history":[{"count":1,"href":"https:\/\/revenuesmiles.com\/ca\/wp-json\/wp\/v2\/pages\/624\/revisions"}],"predecessor-version":[{"id":625,"href":"https:\/\/revenuesmiles.com\/ca\/wp-json\/wp\/v2\/pages\/624\/revisions\/625"}],"wp:attachment":[{"href":"https:\/\/revenuesmiles.com\/ca\/wp-json\/wp\/v2\/media?parent=624"}],"curies":[{"name":"wp","href":"https:\/\/api.w.org\/{rel}","templated":true}]}}