{"id":626,"date":"2023-11-20T20:44:53","date_gmt":"2023-11-20T19:44:53","guid":{"rendered":"https:\/\/revenuesmiles.com\/somriures-estrategics\/"},"modified":"2024-10-18T08:32:19","modified_gmt":"2024-10-18T06:32:19","slug":"somriures-estrategics","status":"publish","type":"page","link":"https:\/\/revenuesmiles.com\/ca\/somriures-estrategics\/","title":{"rendered":"SOMRIURES Estrat\u00e8gics"},"content":{"rendered":"<div class=\"wpb-content-wrapper\">[vc_row css_animation=&#8221;&#8221; row_type=&#8221;row&#8221; use_row_as_full_screen_section=&#8221;no&#8221; type=&#8221;full_width&#8221; angled_section=&#8221;no&#8221; text_align=&#8221;left&#8221; background_image_as_pattern=&#8221;without_pattern&#8221; z_index=&#8221;&#8221; side_padding=&#8221;5&#8243;][vc_column][vc_empty_space height=&#8221;42px&#8221;][vc_column_text]\n<h1 style=\"text-align: center;\"><strong><span style=\"color: #e20036;\">El bloc i l&#8217;ebook de Revenue Smiles<\/span><\/strong><\/h1>\n<h2 style=\"text-align: center;\"><strong>Estrat\u00e8gies que ajuden a potenciar el teu negoci tur\u00edstic amb un somriure<\/strong><\/h2>\n<p>&nbsp;<\/p>\n<h4>Explora el bloc <span style=\"color: #e20036;\">&#8220;Somriures Estrat\u00e8gics&#8221;<\/span> i descarrega l&#8217;ebook &#8220;<span style=\"color: #e20036;\">M\u00e8tode La Calvo: 7 Claus per Optimitzar el Revenue &amp; Marketing&#8221;<\/span>, plens de valuosos recursos i consells pr\u00e0ctics per a <strong>impulsar la rendibilitat i l&#8217;\u00e8xit del teu negoci tur\u00edstic<\/strong>. Des de t\u00e0ctiques de <strong>revenue management<\/strong> fins a idees creatives de <strong>m\u00e0rqueting<\/strong>, t&#8217;ofereixo eines clau per somriure mentre assoleixes els teus objectius.<\/h4>\n[\/vc_column_text][vc_empty_space]<div class='q_masonry_blog'><div class=\"q_masonry_blog_grid_sizer\"><\/div><div class=\"q_masonry_blog_grid_gutter\"><\/div><\/div>[vc_empty_space][\/vc_column][\/vc_row][vc_row css_animation=&#8221;&#8221; row_type=&#8221;row&#8221; use_row_as_full_screen_section=&#8221;no&#8221; type=&#8221;full_width&#8221; angled_section=&#8221;no&#8221; text_align=&#8221;center&#8221; background_image_as_pattern=&#8221;without_pattern&#8221; z_index=&#8221;&#8221; side_padding=&#8221;5&#8243; css=&#8221;.vc_custom_1699475878661{background-color: #000000 !important;}&#8221;][vc_column width=&#8221;1\/4&#8243;][vc_empty_space height=&#8221;70px&#8221;][vc_single_image image=&#8221;546&#8243; img_size=&#8221;283&#215;400&#8243; alignment=&#8221;center&#8221; qode_css_animation=&#8221;element_from_top&#8221;][vc_empty_space height=&#8221;40px&#8221;][\/vc_column][vc_column width=&#8221;3\/4&#8243;][vc_row_inner row_type=&#8221;row&#8221; type=&#8221;full_width&#8221; text_align=&#8221;left&#8221; css_animation=&#8221;&#8221;][vc_column_inner width=&#8221;1\/3&#8243;][vc_empty_space height=&#8221;90px&#8221;][vc_column_text]\n<h4 style=\"text-align: center;\"><span style=\"color: #ff0000;\">No perdis m\u00e9s temps!<\/span><\/h4>\n<p>&nbsp;<\/p>\n<h4 style=\"text-align: justify;\"><span style=\"color: #ffffff;\"><strong>Descarrega ara l&#8217;ebook<\/strong> i comen\u00e7a a potenciar el teu allotjament tur\u00edstic amb estrat\u00e8gies que et faran somriure. <\/span><\/h4>\n<p>&nbsp;<\/p>\n<p>&nbsp;<\/p>\n<h4><span style=\"color: #ffffff;\">I recorda la cita de Charles Chaplin: Un dia sense somriure \u00e9s un dia perdut.<\/span><\/h4>\n<p>&nbsp;<\/p>\n<p style=\"text-align: center;\"><strong><span style=\"color: #ff0000;\">Aprofita el viatge!<\/span><\/strong><\/p>\n[\/vc_column_text][vc_empty_space height=&#8221;70px&#8221;][\/vc_column_inner][vc_column_inner width=&#8221;2\/3&#8243;][vc_empty_space height=&#8221;40px&#8221;]\n<div class=\"wpcf7 no-js\" id=\"wpcf7-f593-o1\" lang=\"ca\" dir=\"ltr\" data-wpcf7-id=\"593\">\n<div class=\"screen-reader-response\"><p role=\"status\" aria-live=\"polite\" aria-atomic=\"true\"><\/p> <ul><\/ul><\/div>\n<form action=\"\/ca\/wp-json\/wp\/v2\/pages\/626#wpcf7-f593-o1\" method=\"post\" class=\"wpcf7-form init cf7_custom_style_1\" aria-label=\"Formulari de contacte\" novalidate=\"novalidate\" data-status=\"init\">\n<fieldset class=\"hidden-fields-container\"><input type=\"hidden\" name=\"_wpcf7\" value=\"593\" \/><input type=\"hidden\" name=\"_wpcf7_version\" value=\"6.1.5\" \/><input type=\"hidden\" name=\"_wpcf7_locale\" value=\"ca\" \/><input type=\"hidden\" name=\"_wpcf7_unit_tag\" value=\"wpcf7-f593-o1\" \/><input type=\"hidden\" name=\"_wpcf7_container_post\" value=\"0\" \/><input type=\"hidden\" name=\"_wpcf7_posted_data_hash\" value=\"\" \/><input type=\"hidden\" name=\"_wpcf7_recaptcha_response\" value=\"\" \/>\n<\/fieldset>\n<p><label> El teu nom<br \/>\n<span class=\"wpcf7-form-control-wrap\" data-name=\"your-name\"><input size=\"40\" maxlength=\"400\" class=\"wpcf7-form-control wpcf7-text wpcf7-validates-as-required\" autocomplete=\"name\" aria-required=\"true\" aria-invalid=\"false\" value=\"\" type=\"text\" name=\"your-name\" \/><\/span> <\/label>\n<\/p>\n<p><label> El teu E-mail<br \/>\n<span class=\"wpcf7-form-control-wrap\" data-name=\"your-email\"><input size=\"40\" maxlength=\"400\" class=\"wpcf7-form-control wpcf7-email wpcf7-validates-as-required wpcf7-text wpcf7-validates-as-email\" autocomplete=\"email\" aria-required=\"true\" aria-invalid=\"false\" value=\"\" type=\"email\" name=\"your-email\" \/><\/span> <\/label>\n<\/p>\n<p><label><span class=\"wpcf7-form-control-wrap\" data-name=\"acceptance-271\"><span class=\"wpcf7-form-control wpcf7-acceptance\"><span class=\"wpcf7-list-item\"><label><input type=\"checkbox\" name=\"acceptance-271\" value=\"1\" aria-invalid=\"false\" \/><span class=\"wpcf7-list-item-label\">Accepto la privacitat i cedir les dades a revenuesmiles.com<\/span><\/label><\/span><\/span><\/span><\/label>\n<\/p>\n<p><input class=\"wpcf7-form-control wpcf7-submit has-spinner\" type=\"submit\" value=\"Enviar\" \/>\n<\/p>\n<p>Aquest formulari utilitza Akismet per a reduir l'spam. <a target=\"_blank\" rel=\"nofollow noopener\" href=\"https:\/\/akismet.com\/privacy\/\">Aprende com es processen les teves dades.<\/a>\n<\/p><p style=\"display: none !important;\" class=\"akismet-fields-container\" data-prefix=\"_wpcf7_ak_\"><label>&#916;<textarea name=\"_wpcf7_ak_hp_textarea\" cols=\"45\" rows=\"8\" maxlength=\"100\"><\/textarea><\/label><input type=\"hidden\" id=\"ak_js_1\" name=\"_wpcf7_ak_js\" value=\"192\"\/><script type=\"text\/javascript\">\n\/* <![CDATA[ *\/\ndocument.getElementById( \"ak_js_1\" ).setAttribute( \"value\", ( new Date() ).getTime() );\n\/* ]]> *\/\n<\/script>\n<\/p><div class=\"wpcf7-response-output\" aria-hidden=\"true\"><\/div>\n<\/form>\n<\/div>\n[vc_empty_space height=&#8221;40px&#8221;][\/vc_column_inner][\/vc_row_inner][\/vc_column][\/vc_row]\n<\/div>","protected":false},"excerpt":{"rendered":"<p>[vc_row css_animation=&#8221;&#8221; row_type=&#8221;row&#8221; use_row_as_full_screen_section=&#8221;no&#8221; type=&#8221;full_width&#8221; angled_section=&#8221;no&#8221; text_align=&#8221;left&#8221; background_image_as_pattern=&#8221;without_pattern&#8221; z_index=&#8221;&#8221; side_padding=&#8221;5&#8243;][vc_column][vc_empty_space height=&#8221;42px&#8221;][vc_column_text] El bloc i l&#8217;ebook de Revenue Smiles Estrat\u00e8gies que ajuden a potenciar el teu negoci tur\u00edstic amb un somriure &nbsp; Explora el bloc &#8220;Somriures Estrat\u00e8gics&#8221; i descarrega l&#8217;ebook &#8220;M\u00e8tode La Calvo: 7 Claus per&#8230;<\/p>\n","protected":false},"author":1,"featured_media":0,"parent":0,"menu_order":0,"comment_status":"closed","ping_status":"closed","template":"full_width.php","meta":{"footnotes":""},"class_list":["post-626","page","type-page","status-publish","hentry"],"yoast_head":"<!-- This site is optimized with the Yoast SEO plugin v27.5 - https:\/\/yoast.com\/product\/yoast-seo-wordpress\/ -->\n<title>SOMRIURES Estrat\u00e8gics - Revenuesmiles<\/title>\n<meta name=\"description\" content=\"Somriures estrat\u00e8gics amb bloc i ebooks, per donar-te solucions i eines pr\u00e0ctiques per a l&#039;\u00e8xit del teu negoci tur\u00edstic.\" \/>\n<meta name=\"robots\" content=\"index, follow, max-snippet:-1, max-image-preview:large, max-video-preview:-1\" \/>\n<link rel=\"canonical\" href=\"https:\/\/revenuesmiles.com\/ca\/somriures-estrategics\/\" \/>\n<meta property=\"og:locale\" content=\"ca_ES\" \/>\n<meta property=\"og:type\" content=\"article\" \/>\n<meta property=\"og:title\" content=\"SOMRIURES Estrat\u00e8gics - Revenuesmiles\" \/>\n<meta property=\"og:description\" content=\"Somriures estrat\u00e8gics amb bloc i ebooks, per donar-te solucions i eines pr\u00e0ctiques per a l&#039;\u00e8xit del teu negoci tur\u00edstic.\" \/>\n<meta property=\"og:url\" content=\"https:\/\/revenuesmiles.com\/ca\/somriures-estrategics\/\" \/>\n<meta property=\"og:site_name\" content=\"Revenuesmiles\" \/>\n<meta property=\"article:publisher\" content=\"https:\/\/www.facebook.com\/lacaaalvo\" \/>\n<meta property=\"article:modified_time\" content=\"2024-10-18T06:32:19+00:00\" \/>\n<meta property=\"og:image\" content=\"https:\/\/revenuesmiles.com\/wp-content\/uploads\/2023\/10\/revenuesmiles-logo-tlf.png\" \/>\n\t<meta property=\"og:image:width\" content=\"150\" \/>\n\t<meta property=\"og:image:height\" content=\"72\" \/>\n\t<meta property=\"og:image:type\" content=\"image\/png\" \/>\n<meta name=\"twitter:card\" content=\"summary_large_image\" \/>\n<meta name=\"twitter:label1\" content=\"Temps estimat de lectura\" \/>\n\t<meta name=\"twitter:data1\" content=\"1 minut\" \/>\n<script type=\"application\/ld+json\" class=\"yoast-schema-graph\">{\"@context\":\"https:\\\/\\\/schema.org\",\"@graph\":[{\"@type\":\"WebPage\",\"@id\":\"https:\\\/\\\/revenuesmiles.com\\\/ca\\\/somriures-estrategics\\\/\",\"url\":\"https:\\\/\\\/revenuesmiles.com\\\/ca\\\/somriures-estrategics\\\/\",\"name\":\"SOMRIURES Estrat\u00e8gics - Revenuesmiles\",\"isPartOf\":{\"@id\":\"https:\\\/\\\/revenuesmiles.com\\\/ca\\\/#website\"},\"datePublished\":\"2023-11-20T19:44:53+00:00\",\"dateModified\":\"2024-10-18T06:32:19+00:00\",\"description\":\"Somriures estrat\u00e8gics amb bloc i ebooks, per donar-te solucions i eines pr\u00e0ctiques per a l'\u00e8xit del teu negoci tur\u00edstic.\",\"breadcrumb\":{\"@id\":\"https:\\\/\\\/revenuesmiles.com\\\/ca\\\/somriures-estrategics\\\/#breadcrumb\"},\"inLanguage\":\"ca\",\"potentialAction\":[{\"@type\":\"ReadAction\",\"target\":[\"https:\\\/\\\/revenuesmiles.com\\\/ca\\\/somriures-estrategics\\\/\"]}]},{\"@type\":\"BreadcrumbList\",\"@id\":\"https:\\\/\\\/revenuesmiles.com\\\/ca\\\/somriures-estrategics\\\/#breadcrumb\",\"itemListElement\":[{\"@type\":\"ListItem\",\"position\":1,\"name\":\"Portada\",\"item\":\"https:\\\/\\\/revenuesmiles.com\\\/ca\\\/\"},{\"@type\":\"ListItem\",\"position\":2,\"name\":\"SOMRIURES Estrat\u00e8gics\"}]},{\"@type\":\"WebSite\",\"@id\":\"https:\\\/\\\/revenuesmiles.com\\\/ca\\\/#website\",\"url\":\"https:\\\/\\\/revenuesmiles.com\\\/ca\\\/\",\"name\":\"Revenuesmiles\",\"description\":\"Potencio la felicidad y el \u00e9xito de hoteleros independientes a trav\u00e9s de estrategias de Revenue Management y Marketing Digital, generando sonrisas mientras impulsamos la rentabilidad y sostenibilidad del negocio.\",\"publisher\":{\"@id\":\"https:\\\/\\\/revenuesmiles.com\\\/ca\\\/#\\\/schema\\\/person\\\/2676b96366c18f508dad1bddeaae7953\"},\"potentialAction\":[{\"@type\":\"SearchAction\",\"target\":{\"@type\":\"EntryPoint\",\"urlTemplate\":\"https:\\\/\\\/revenuesmiles.com\\\/ca\\\/?s={search_term_string}\"},\"query-input\":{\"@type\":\"PropertyValueSpecification\",\"valueRequired\":true,\"valueName\":\"search_term_string\"}}],\"inLanguage\":\"ca\"},{\"@type\":[\"Person\",\"Organization\"],\"@id\":\"https:\\\/\\\/revenuesmiles.com\\\/ca\\\/#\\\/schema\\\/person\\\/2676b96366c18f508dad1bddeaae7953\",\"name\":\"Iolanda\",\"image\":{\"@type\":\"ImageObject\",\"inLanguage\":\"ca\",\"@id\":\"https:\\\/\\\/revenuesmiles.com\\\/wp-content\\\/uploads\\\/2023\\\/10\\\/revenuesmiles-logo.png\",\"url\":\"https:\\\/\\\/revenuesmiles.com\\\/wp-content\\\/uploads\\\/2023\\\/10\\\/revenuesmiles-logo.png\",\"contentUrl\":\"https:\\\/\\\/revenuesmiles.com\\\/wp-content\\\/uploads\\\/2023\\\/10\\\/revenuesmiles-logo.png\",\"width\":300,\"height\":143,\"caption\":\"Iolanda\"},\"logo\":{\"@id\":\"https:\\\/\\\/revenuesmiles.com\\\/wp-content\\\/uploads\\\/2023\\\/10\\\/revenuesmiles-logo.png\"},\"sameAs\":[\"http:\\\/\\\/revenuesmiles.com\",\"https:\\\/\\\/www.facebook.com\\\/lacaaalvo\",\"https:\\\/\\\/www.instagram.com\\\/la___calvo\\\/\",\"www.linkedin.com\\\/in\\\/iolandacalvo\"]}]}<\/script>\n<!-- \/ Yoast SEO plugin. -->","yoast_head_json":{"title":"SOMRIURES Estrat\u00e8gics - Revenuesmiles","description":"Somriures estrat\u00e8gics amb bloc i ebooks, per donar-te solucions i eines pr\u00e0ctiques per a l'\u00e8xit del teu negoci tur\u00edstic.","robots":{"index":"index","follow":"follow","max-snippet":"max-snippet:-1","max-image-preview":"max-image-preview:large","max-video-preview":"max-video-preview:-1"},"canonical":"https:\/\/revenuesmiles.com\/ca\/somriures-estrategics\/","og_locale":"ca_ES","og_type":"article","og_title":"SOMRIURES Estrat\u00e8gics - Revenuesmiles","og_description":"Somriures estrat\u00e8gics amb bloc i ebooks, per donar-te solucions i eines pr\u00e0ctiques per a l'\u00e8xit del teu negoci tur\u00edstic.","og_url":"https:\/\/revenuesmiles.com\/ca\/somriures-estrategics\/","og_site_name":"Revenuesmiles","article_publisher":"https:\/\/www.facebook.com\/lacaaalvo","article_modified_time":"2024-10-18T06:32:19+00:00","og_image":[{"width":150,"height":72,"url":"https:\/\/revenuesmiles.com\/wp-content\/uploads\/2023\/10\/revenuesmiles-logo-tlf.png","type":"image\/png"}],"twitter_card":"summary_large_image","twitter_misc":{"Temps estimat de lectura":"1 minut"},"schema":{"@context":"https:\/\/schema.org","@graph":[{"@type":"WebPage","@id":"https:\/\/revenuesmiles.com\/ca\/somriures-estrategics\/","url":"https:\/\/revenuesmiles.com\/ca\/somriures-estrategics\/","name":"SOMRIURES Estrat\u00e8gics - Revenuesmiles","isPartOf":{"@id":"https:\/\/revenuesmiles.com\/ca\/#website"},"datePublished":"2023-11-20T19:44:53+00:00","dateModified":"2024-10-18T06:32:19+00:00","description":"Somriures estrat\u00e8gics amb bloc i ebooks, per donar-te solucions i eines pr\u00e0ctiques per a l'\u00e8xit del teu negoci tur\u00edstic.","breadcrumb":{"@id":"https:\/\/revenuesmiles.com\/ca\/somriures-estrategics\/#breadcrumb"},"inLanguage":"ca","potentialAction":[{"@type":"ReadAction","target":["https:\/\/revenuesmiles.com\/ca\/somriures-estrategics\/"]}]},{"@type":"BreadcrumbList","@id":"https:\/\/revenuesmiles.com\/ca\/somriures-estrategics\/#breadcrumb","itemListElement":[{"@type":"ListItem","position":1,"name":"Portada","item":"https:\/\/revenuesmiles.com\/ca\/"},{"@type":"ListItem","position":2,"name":"SOMRIURES Estrat\u00e8gics"}]},{"@type":"WebSite","@id":"https:\/\/revenuesmiles.com\/ca\/#website","url":"https:\/\/revenuesmiles.com\/ca\/","name":"Revenuesmiles","description":"Potencio la felicidad y el \u00e9xito de hoteleros independientes a trav\u00e9s de estrategias de Revenue Management y Marketing Digital, generando sonrisas mientras impulsamos la rentabilidad y sostenibilidad del negocio.","publisher":{"@id":"https:\/\/revenuesmiles.com\/ca\/#\/schema\/person\/2676b96366c18f508dad1bddeaae7953"},"potentialAction":[{"@type":"SearchAction","target":{"@type":"EntryPoint","urlTemplate":"https:\/\/revenuesmiles.com\/ca\/?s={search_term_string}"},"query-input":{"@type":"PropertyValueSpecification","valueRequired":true,"valueName":"search_term_string"}}],"inLanguage":"ca"},{"@type":["Person","Organization"],"@id":"https:\/\/revenuesmiles.com\/ca\/#\/schema\/person\/2676b96366c18f508dad1bddeaae7953","name":"Iolanda","image":{"@type":"ImageObject","inLanguage":"ca","@id":"https:\/\/revenuesmiles.com\/wp-content\/uploads\/2023\/10\/revenuesmiles-logo.png","url":"https:\/\/revenuesmiles.com\/wp-content\/uploads\/2023\/10\/revenuesmiles-logo.png","contentUrl":"https:\/\/revenuesmiles.com\/wp-content\/uploads\/2023\/10\/revenuesmiles-logo.png","width":300,"height":143,"caption":"Iolanda"},"logo":{"@id":"https:\/\/revenuesmiles.com\/wp-content\/uploads\/2023\/10\/revenuesmiles-logo.png"},"sameAs":["http:\/\/revenuesmiles.com","https:\/\/www.facebook.com\/lacaaalvo","https:\/\/www.instagram.com\/la___calvo\/","www.linkedin.com\/in\/iolandacalvo"]}]}},"_links":{"self":[{"href":"https:\/\/revenuesmiles.com\/ca\/wp-json\/wp\/v2\/pages\/626","targetHints":{"allow":["GET"]}}],"collection":[{"href":"https:\/\/revenuesmiles.com\/ca\/wp-json\/wp\/v2\/pages"}],"about":[{"href":"https:\/\/revenuesmiles.com\/ca\/wp-json\/wp\/v2\/types\/page"}],"author":[{"embeddable":true,"href":"https:\/\/revenuesmiles.com\/ca\/wp-json\/wp\/v2\/users\/1"}],"replies":[{"embeddable":true,"href":"https:\/\/revenuesmiles.com\/ca\/wp-json\/wp\/v2\/comments?post=626"}],"version-history":[{"count":5,"href":"https:\/\/revenuesmiles.com\/ca\/wp-json\/wp\/v2\/pages\/626\/revisions"}],"predecessor-version":[{"id":913,"href":"https:\/\/revenuesmiles.com\/ca\/wp-json\/wp\/v2\/pages\/626\/revisions\/913"}],"wp:attachment":[{"href":"https:\/\/revenuesmiles.com\/ca\/wp-json\/wp\/v2\/media?parent=626"}],"curies":[{"name":"wp","href":"https:\/\/api.w.org\/{rel}","templated":true}]}}