{"id":629,"date":"2023-11-20T20:46:28","date_gmt":"2023-11-20T19:46:28","guid":{"rendered":"https:\/\/revenuesmiles.com\/somriu-amb-mi\/"},"modified":"2024-10-18T10:48:44","modified_gmt":"2024-10-18T08:48:44","slug":"somriu-amb-mi","status":"publish","type":"page","link":"https:\/\/revenuesmiles.com\/ca\/somriu-amb-mi\/","title":{"rendered":"SOMRIU amb mi"},"content":{"rendered":"<div class=\"wpb-content-wrapper\">[vc_row css_animation=&#8221;&#8221; row_type=&#8221;row&#8221; use_row_as_full_screen_section=&#8221;no&#8221; type=&#8221;full_width&#8221; angled_section=&#8221;no&#8221; text_align=&#8221;center&#8221; background_image_as_pattern=&#8221;without_pattern&#8221; z_index=&#8221;&#8221; side_padding=&#8221;3&#8243;][vc_column][vc_empty_space][vc_column_text]\n<h1 style=\"text-align: center;\"><b><i>CONTACTA&#8217;M! Estar\u00e9 encantada d&#8217;ajudar-te <img loading=\"lazy\" decoding=\"async\" class=\"alignnone size-full wp-image-490\" src=\"https:\/\/revenuesmiles.com\/wp-content\/uploads\/2023\/11\/emoji-riure-la-calvo-petit.png\" alt=\"emoji riure la calvo\" width=\"40\" height=\"40\" \/><br \/>\n<\/i><\/b><\/h1>\n[\/vc_column_text][vc_empty_space height=&#8221;70px&#8221;][vc_column_text css=&#8221;&#8221;]\n<h4 style=\"text-align: center;\">&#8220;Si est\u00e0s preparat per descobrir com podem junts <strong>impulsar la rendibilitat i sostenibilitat del teu negoci hoteler<\/strong> o, aclarir qualsevol dubte, explorar oportunitats de col\u00b7laboraci\u00f3, si us plau, deixa&#8217;m un missatge al formulari a continuaci\u00f3 o envia&#8217;m un correu a info@revenuesmiles.com.<\/h4>\n<p>&nbsp;<\/p>\n<h4 style=\"text-align: center;\"><\/h4>\n<h4 style=\"text-align: center;\">Espero amb \u00e0nsies compartir somriures amb tu i ajudar-te a assolir l&#8217;\u00e8xit en el teu negoci gr\u00e0cies al <strong>Revenue Management i al M\u00e0rqueting Digital<\/strong>!&#8221;<\/h4>\n[\/vc_column_text][vc_empty_space height=&#8221;70px&#8221;][vc_row_inner row_type=&#8221;row&#8221; type=&#8221;full_width&#8221; text_align=&#8221;center&#8221; css_animation=&#8221;&#8221; side_padding=&#8221;7&#8243;][vc_column_inner width=&#8221;1\/2&#8243;][vc_empty_space height=&#8221;20px&#8221;][vc_single_image image=&#8221;528&#8243; img_size=&#8221;400&#215;600&#8243; alignment=&#8221;center&#8221; qode_css_animation=&#8221;element_from_right&#8221; el_class=&#8221;fotoredonda&#8221;][vc_empty_space]<a  itemprop=\"url\" href=\"#\" target=\"_blank\" data-hover-background-color=\"#ffffff\" data-hover-border-color=\"#000000\" data-hover-color=\"#dd3333\" class=\"qbutton  large center default\" style=\"color: #ffffff; border-color: #000000; margin: 3px 3px 3px 3px; border-radius: 5px;-moz-border-radius: 5px;-webkit-border-radius: 5px; background-color:#dd3333;\">SOMRIU AMB MI<i class=\"qode_icon_font_awesome fa fa-smile-o qode_button_icon_element\" style=\"color: #ffffff\"><\/i><\/a>[vc_empty_space][\/vc_column_inner][vc_column_inner width=&#8221;1\/2&#8243;]\n<div class=\"wpcf7 no-js\" id=\"wpcf7-f594-o1\" lang=\"ca\" dir=\"ltr\" data-wpcf7-id=\"594\">\n<div class=\"screen-reader-response\"><p role=\"status\" aria-live=\"polite\" aria-atomic=\"true\"><\/p> <ul><\/ul><\/div>\n<form action=\"\/ca\/wp-json\/wp\/v2\/pages\/629#wpcf7-f594-o1\" method=\"post\" class=\"wpcf7-form init cf7_custom_style_1\" aria-label=\"Formulari de contacte\" novalidate=\"novalidate\" data-status=\"init\">\n<fieldset class=\"hidden-fields-container\"><input type=\"hidden\" name=\"_wpcf7\" value=\"594\" \/><input type=\"hidden\" name=\"_wpcf7_version\" value=\"6.1.5\" \/><input type=\"hidden\" name=\"_wpcf7_locale\" value=\"ca\" \/><input type=\"hidden\" name=\"_wpcf7_unit_tag\" value=\"wpcf7-f594-o1\" \/><input type=\"hidden\" name=\"_wpcf7_container_post\" value=\"0\" \/><input type=\"hidden\" name=\"_wpcf7_posted_data_hash\" value=\"\" \/><input type=\"hidden\" name=\"_wpcf7_recaptcha_response\" value=\"\" \/>\n<\/fieldset>\n<p><label> Quin \u00e9s el teu nom?<br \/>\n<span class=\"wpcf7-form-control-wrap\" data-name=\"your-name\"><input size=\"40\" maxlength=\"400\" class=\"wpcf7-form-control wpcf7-text wpcf7-validates-as-required\" autocomplete=\"name\" aria-required=\"true\" aria-invalid=\"false\" value=\"\" type=\"text\" name=\"your-name\" \/><\/span> <\/label>\n<\/p>\n<p><label> Em comparteixes el teu mail?<br \/>\n<span class=\"wpcf7-form-control-wrap\" data-name=\"your-email\"><input size=\"40\" maxlength=\"400\" class=\"wpcf7-form-control wpcf7-email wpcf7-validates-as-required wpcf7-text wpcf7-validates-as-email\" autocomplete=\"email\" aria-required=\"true\" aria-invalid=\"false\" value=\"\" type=\"email\" name=\"your-email\" \/><\/span> <\/label>\n<\/p>\n<p><label> Parlem? Tamb\u00e9 pots afegir el teu n\u00famero de tel\u00e8fon, si ho prefereixes<br \/>\n<span class=\"wpcf7-form-control-wrap\" data-name=\"tel-927\"><input size=\"40\" maxlength=\"400\" class=\"wpcf7-form-control wpcf7-tel wpcf7-text wpcf7-validates-as-tel\" aria-invalid=\"false\" value=\"\" type=\"tel\" name=\"tel-927\" \/><\/span> <\/label>\n<\/p>\n<p><label> Com et puc fer somriure?<br \/>\n<span class=\"wpcf7-form-control-wrap\" data-name=\"your-message\"><textarea cols=\"40\" rows=\"10\" maxlength=\"2000\" class=\"wpcf7-form-control wpcf7-textarea\" aria-invalid=\"false\" name=\"your-message\"><\/textarea><\/span> <\/label>\n<\/p>\n<p><label> <span class=\"wpcf7-form-control-wrap\" data-name=\"acceptance-592\"><span class=\"wpcf7-form-control wpcf7-acceptance\"><span class=\"wpcf7-list-item\"><label><input type=\"checkbox\" name=\"acceptance-592\" value=\"1\" aria-invalid=\"false\" \/><span class=\"wpcf7-list-item-label\">Accepto la <a href=\"https:\/\/revenuesmiles.com\/ca\/politica-privacitat\">pol\u00edtica de privacitat<\/a> i cedir les meves dades a REVENUESMILES<\/span><\/label><\/span><\/span><\/span><br \/>\n<\/label>\n<\/p>\n<p><input class=\"wpcf7-form-control wpcf7-submit has-spinner\" type=\"submit\" value=\"A punt Iolanda, aqu\u00ed va el missatge!\" \/>\n<\/p>\n<p>Aquest formulari utilitza Akismet per reduir el correu brossa. <a target=\"_blank\" rel=\"nofollow noopener\" href=\"https:\/\/akismet.com\/privacy\/\">Apr\u00e8n com es processen les dades.<\/a>\n<\/p><p style=\"display: none !important;\" class=\"akismet-fields-container\" data-prefix=\"_wpcf7_ak_\"><label>&#916;<textarea name=\"_wpcf7_ak_hp_textarea\" cols=\"45\" rows=\"8\" maxlength=\"100\"><\/textarea><\/label><input type=\"hidden\" id=\"ak_js_1\" name=\"_wpcf7_ak_js\" value=\"48\"\/><script type=\"text\/javascript\">\n\/* <![CDATA[ *\/\ndocument.getElementById( \"ak_js_1\" ).setAttribute( \"value\", ( new Date() ).getTime() );\n\/* ]]> *\/\n<\/script>\n<\/p><div class=\"wpcf7-response-output\" aria-hidden=\"true\"><\/div>\n<\/form>\n<\/div>\n[\/vc_column_inner][\/vc_row_inner][\/vc_column][\/vc_row]\n<\/div>","protected":false},"excerpt":{"rendered":"<p>[vc_row css_animation=&#8221;&#8221; row_type=&#8221;row&#8221; use_row_as_full_screen_section=&#8221;no&#8221; type=&#8221;full_width&#8221; angled_section=&#8221;no&#8221; text_align=&#8221;center&#8221; background_image_as_pattern=&#8221;without_pattern&#8221; z_index=&#8221;&#8221; side_padding=&#8221;3&#8243;][vc_column][vc_empty_space][vc_column_text] CONTACTA&#8217;M! Estar\u00e9 encantada d&#8217;ajudar-te [\/vc_column_text][vc_empty_space height=&#8221;70px&#8221;][vc_column_text css=&#8221;&#8221;] &#8220;Si est\u00e0s preparat per descobrir com podem junts impulsar la rendibilitat i sostenibilitat del teu negoci hoteler o, aclarir qualsevol dubte, explorar oportunitats de col\u00b7laboraci\u00f3, si us plau,&#8230;<\/p>\n","protected":false},"author":1,"featured_media":528,"parent":0,"menu_order":0,"comment_status":"closed","ping_status":"closed","template":"full_width.php","meta":{"footnotes":""},"class_list":["post-629","page","type-page","status-publish","has-post-thumbnail","hentry"],"yoast_head":"<!-- This site is optimized with the Yoast SEO plugin v27.5 - https:\/\/yoast.com\/product\/yoast-seo-wordpress\/ -->\n<title>SOMRIU amb mi - Revenuesmiles<\/title>\n<meta name=\"description\" content=\"S\u00f3c la Iolanda Calvo, contacta amb mi i emprenguem junts aquest viatge.\" \/>\n<meta name=\"robots\" content=\"index, follow, max-snippet:-1, max-image-preview:large, max-video-preview:-1\" \/>\n<link rel=\"canonical\" href=\"https:\/\/revenuesmiles.com\/ca\/somriu-amb-mi\/\" \/>\n<meta property=\"og:locale\" content=\"ca_ES\" \/>\n<meta property=\"og:type\" content=\"article\" \/>\n<meta property=\"og:title\" content=\"SOMRIU amb mi - Revenuesmiles\" \/>\n<meta property=\"og:description\" content=\"S\u00f3c la Iolanda Calvo, contacta amb mi i emprenguem junts aquest viatge.\" \/>\n<meta property=\"og:url\" content=\"https:\/\/revenuesmiles.com\/ca\/somriu-amb-mi\/\" \/>\n<meta property=\"og:site_name\" content=\"Revenuesmiles\" \/>\n<meta property=\"article:publisher\" content=\"https:\/\/www.facebook.com\/lacaaalvo\" \/>\n<meta property=\"article:modified_time\" content=\"2024-10-18T08:48:44+00:00\" \/>\n<meta property=\"og:image\" content=\"https:\/\/revenuesmiles.com\/wp-content\/uploads\/2023\/11\/iolanda-calvo-revenue-smiles-contacto.webp\" \/>\n\t<meta property=\"og:image:width\" content=\"400\" \/>\n\t<meta property=\"og:image:height\" content=\"600\" \/>\n\t<meta property=\"og:image:type\" content=\"image\/webp\" \/>\n<meta name=\"twitter:card\" content=\"summary_large_image\" \/>\n<meta name=\"twitter:label1\" content=\"Temps estimat de lectura\" \/>\n\t<meta name=\"twitter:data1\" content=\"1 minut\" \/>\n<script type=\"application\/ld+json\" class=\"yoast-schema-graph\">{\"@context\":\"https:\\\/\\\/schema.org\",\"@graph\":[{\"@type\":\"WebPage\",\"@id\":\"https:\\\/\\\/revenuesmiles.com\\\/ca\\\/somriu-amb-mi\\\/\",\"url\":\"https:\\\/\\\/revenuesmiles.com\\\/ca\\\/somriu-amb-mi\\\/\",\"name\":\"SOMRIU amb mi - Revenuesmiles\",\"isPartOf\":{\"@id\":\"https:\\\/\\\/revenuesmiles.com\\\/ca\\\/#website\"},\"primaryImageOfPage\":{\"@id\":\"https:\\\/\\\/revenuesmiles.com\\\/ca\\\/somriu-amb-mi\\\/#primaryimage\"},\"image\":{\"@id\":\"https:\\\/\\\/revenuesmiles.com\\\/ca\\\/somriu-amb-mi\\\/#primaryimage\"},\"thumbnailUrl\":\"https:\\\/\\\/revenuesmiles.com\\\/wp-content\\\/uploads\\\/2023\\\/11\\\/iolanda-calvo-revenue-smiles-contacto.webp\",\"datePublished\":\"2023-11-20T19:46:28+00:00\",\"dateModified\":\"2024-10-18T08:48:44+00:00\",\"description\":\"S\u00f3c la Iolanda Calvo, contacta amb mi i emprenguem junts aquest viatge.\",\"breadcrumb\":{\"@id\":\"https:\\\/\\\/revenuesmiles.com\\\/ca\\\/somriu-amb-mi\\\/#breadcrumb\"},\"inLanguage\":\"ca\",\"potentialAction\":[{\"@type\":\"ReadAction\",\"target\":[\"https:\\\/\\\/revenuesmiles.com\\\/ca\\\/somriu-amb-mi\\\/\"]}]},{\"@type\":\"ImageObject\",\"inLanguage\":\"ca\",\"@id\":\"https:\\\/\\\/revenuesmiles.com\\\/ca\\\/somriu-amb-mi\\\/#primaryimage\",\"url\":\"https:\\\/\\\/revenuesmiles.com\\\/wp-content\\\/uploads\\\/2023\\\/11\\\/iolanda-calvo-revenue-smiles-contacto.webp\",\"contentUrl\":\"https:\\\/\\\/revenuesmiles.com\\\/wp-content\\\/uploads\\\/2023\\\/11\\\/iolanda-calvo-revenue-smiles-contacto.webp\",\"width\":400,\"height\":600},{\"@type\":\"BreadcrumbList\",\"@id\":\"https:\\\/\\\/revenuesmiles.com\\\/ca\\\/somriu-amb-mi\\\/#breadcrumb\",\"itemListElement\":[{\"@type\":\"ListItem\",\"position\":1,\"name\":\"Portada\",\"item\":\"https:\\\/\\\/revenuesmiles.com\\\/ca\\\/\"},{\"@type\":\"ListItem\",\"position\":2,\"name\":\"SOMRIU amb mi\"}]},{\"@type\":\"WebSite\",\"@id\":\"https:\\\/\\\/revenuesmiles.com\\\/ca\\\/#website\",\"url\":\"https:\\\/\\\/revenuesmiles.com\\\/ca\\\/\",\"name\":\"Revenuesmiles\",\"description\":\"Potencio la felicidad y el \u00e9xito de hoteleros independientes a trav\u00e9s de estrategias de Revenue Management y Marketing Digital, generando sonrisas mientras impulsamos la rentabilidad y sostenibilidad del negocio.\",\"publisher\":{\"@id\":\"https:\\\/\\\/revenuesmiles.com\\\/ca\\\/#\\\/schema\\\/person\\\/2676b96366c18f508dad1bddeaae7953\"},\"potentialAction\":[{\"@type\":\"SearchAction\",\"target\":{\"@type\":\"EntryPoint\",\"urlTemplate\":\"https:\\\/\\\/revenuesmiles.com\\\/ca\\\/?s={search_term_string}\"},\"query-input\":{\"@type\":\"PropertyValueSpecification\",\"valueRequired\":true,\"valueName\":\"search_term_string\"}}],\"inLanguage\":\"ca\"},{\"@type\":[\"Person\",\"Organization\"],\"@id\":\"https:\\\/\\\/revenuesmiles.com\\\/ca\\\/#\\\/schema\\\/person\\\/2676b96366c18f508dad1bddeaae7953\",\"name\":\"Iolanda\",\"image\":{\"@type\":\"ImageObject\",\"inLanguage\":\"ca\",\"@id\":\"https:\\\/\\\/revenuesmiles.com\\\/wp-content\\\/uploads\\\/2023\\\/10\\\/revenuesmiles-logo.png\",\"url\":\"https:\\\/\\\/revenuesmiles.com\\\/wp-content\\\/uploads\\\/2023\\\/10\\\/revenuesmiles-logo.png\",\"contentUrl\":\"https:\\\/\\\/revenuesmiles.com\\\/wp-content\\\/uploads\\\/2023\\\/10\\\/revenuesmiles-logo.png\",\"width\":300,\"height\":143,\"caption\":\"Iolanda\"},\"logo\":{\"@id\":\"https:\\\/\\\/revenuesmiles.com\\\/wp-content\\\/uploads\\\/2023\\\/10\\\/revenuesmiles-logo.png\"},\"sameAs\":[\"http:\\\/\\\/revenuesmiles.com\",\"https:\\\/\\\/www.facebook.com\\\/lacaaalvo\",\"https:\\\/\\\/www.instagram.com\\\/la___calvo\\\/\",\"www.linkedin.com\\\/in\\\/iolandacalvo\"]}]}<\/script>\n<!-- \/ Yoast SEO plugin. -->","yoast_head_json":{"title":"SOMRIU amb mi - Revenuesmiles","description":"S\u00f3c la Iolanda Calvo, contacta amb mi i emprenguem junts aquest viatge.","robots":{"index":"index","follow":"follow","max-snippet":"max-snippet:-1","max-image-preview":"max-image-preview:large","max-video-preview":"max-video-preview:-1"},"canonical":"https:\/\/revenuesmiles.com\/ca\/somriu-amb-mi\/","og_locale":"ca_ES","og_type":"article","og_title":"SOMRIU amb mi - Revenuesmiles","og_description":"S\u00f3c la Iolanda Calvo, contacta amb mi i emprenguem junts aquest viatge.","og_url":"https:\/\/revenuesmiles.com\/ca\/somriu-amb-mi\/","og_site_name":"Revenuesmiles","article_publisher":"https:\/\/www.facebook.com\/lacaaalvo","article_modified_time":"2024-10-18T08:48:44+00:00","og_image":[{"width":400,"height":600,"url":"https:\/\/revenuesmiles.com\/wp-content\/uploads\/2023\/11\/iolanda-calvo-revenue-smiles-contacto.webp","type":"image\/webp"}],"twitter_card":"summary_large_image","twitter_misc":{"Temps estimat de lectura":"1 minut"},"schema":{"@context":"https:\/\/schema.org","@graph":[{"@type":"WebPage","@id":"https:\/\/revenuesmiles.com\/ca\/somriu-amb-mi\/","url":"https:\/\/revenuesmiles.com\/ca\/somriu-amb-mi\/","name":"SOMRIU amb mi - Revenuesmiles","isPartOf":{"@id":"https:\/\/revenuesmiles.com\/ca\/#website"},"primaryImageOfPage":{"@id":"https:\/\/revenuesmiles.com\/ca\/somriu-amb-mi\/#primaryimage"},"image":{"@id":"https:\/\/revenuesmiles.com\/ca\/somriu-amb-mi\/#primaryimage"},"thumbnailUrl":"https:\/\/revenuesmiles.com\/wp-content\/uploads\/2023\/11\/iolanda-calvo-revenue-smiles-contacto.webp","datePublished":"2023-11-20T19:46:28+00:00","dateModified":"2024-10-18T08:48:44+00:00","description":"S\u00f3c la Iolanda Calvo, contacta amb mi i emprenguem junts aquest viatge.","breadcrumb":{"@id":"https:\/\/revenuesmiles.com\/ca\/somriu-amb-mi\/#breadcrumb"},"inLanguage":"ca","potentialAction":[{"@type":"ReadAction","target":["https:\/\/revenuesmiles.com\/ca\/somriu-amb-mi\/"]}]},{"@type":"ImageObject","inLanguage":"ca","@id":"https:\/\/revenuesmiles.com\/ca\/somriu-amb-mi\/#primaryimage","url":"https:\/\/revenuesmiles.com\/wp-content\/uploads\/2023\/11\/iolanda-calvo-revenue-smiles-contacto.webp","contentUrl":"https:\/\/revenuesmiles.com\/wp-content\/uploads\/2023\/11\/iolanda-calvo-revenue-smiles-contacto.webp","width":400,"height":600},{"@type":"BreadcrumbList","@id":"https:\/\/revenuesmiles.com\/ca\/somriu-amb-mi\/#breadcrumb","itemListElement":[{"@type":"ListItem","position":1,"name":"Portada","item":"https:\/\/revenuesmiles.com\/ca\/"},{"@type":"ListItem","position":2,"name":"SOMRIU amb mi"}]},{"@type":"WebSite","@id":"https:\/\/revenuesmiles.com\/ca\/#website","url":"https:\/\/revenuesmiles.com\/ca\/","name":"Revenuesmiles","description":"Potencio la felicidad y el \u00e9xito de hoteleros independientes a trav\u00e9s de estrategias de Revenue Management y Marketing Digital, generando sonrisas mientras impulsamos la rentabilidad y sostenibilidad del negocio.","publisher":{"@id":"https:\/\/revenuesmiles.com\/ca\/#\/schema\/person\/2676b96366c18f508dad1bddeaae7953"},"potentialAction":[{"@type":"SearchAction","target":{"@type":"EntryPoint","urlTemplate":"https:\/\/revenuesmiles.com\/ca\/?s={search_term_string}"},"query-input":{"@type":"PropertyValueSpecification","valueRequired":true,"valueName":"search_term_string"}}],"inLanguage":"ca"},{"@type":["Person","Organization"],"@id":"https:\/\/revenuesmiles.com\/ca\/#\/schema\/person\/2676b96366c18f508dad1bddeaae7953","name":"Iolanda","image":{"@type":"ImageObject","inLanguage":"ca","@id":"https:\/\/revenuesmiles.com\/wp-content\/uploads\/2023\/10\/revenuesmiles-logo.png","url":"https:\/\/revenuesmiles.com\/wp-content\/uploads\/2023\/10\/revenuesmiles-logo.png","contentUrl":"https:\/\/revenuesmiles.com\/wp-content\/uploads\/2023\/10\/revenuesmiles-logo.png","width":300,"height":143,"caption":"Iolanda"},"logo":{"@id":"https:\/\/revenuesmiles.com\/wp-content\/uploads\/2023\/10\/revenuesmiles-logo.png"},"sameAs":["http:\/\/revenuesmiles.com","https:\/\/www.facebook.com\/lacaaalvo","https:\/\/www.instagram.com\/la___calvo\/","www.linkedin.com\/in\/iolandacalvo"]}]}},"_links":{"self":[{"href":"https:\/\/revenuesmiles.com\/ca\/wp-json\/wp\/v2\/pages\/629","targetHints":{"allow":["GET"]}}],"collection":[{"href":"https:\/\/revenuesmiles.com\/ca\/wp-json\/wp\/v2\/pages"}],"about":[{"href":"https:\/\/revenuesmiles.com\/ca\/wp-json\/wp\/v2\/types\/page"}],"author":[{"embeddable":true,"href":"https:\/\/revenuesmiles.com\/ca\/wp-json\/wp\/v2\/users\/1"}],"replies":[{"embeddable":true,"href":"https:\/\/revenuesmiles.com\/ca\/wp-json\/wp\/v2\/comments?post=629"}],"version-history":[{"count":5,"href":"https:\/\/revenuesmiles.com\/ca\/wp-json\/wp\/v2\/pages\/629\/revisions"}],"predecessor-version":[{"id":920,"href":"https:\/\/revenuesmiles.com\/ca\/wp-json\/wp\/v2\/pages\/629\/revisions\/920"}],"wp:featuredmedia":[{"embeddable":true,"href":"https:\/\/revenuesmiles.com\/ca\/wp-json\/wp\/v2\/media\/528"}],"wp:attachment":[{"href":"https:\/\/revenuesmiles.com\/ca\/wp-json\/wp\/v2\/media?parent=629"}],"curies":[{"name":"wp","href":"https:\/\/api.w.org\/{rel}","templated":true}]}}