{"id":633,"date":"2023-11-20T20:49:50","date_gmt":"2023-11-20T19:49:50","guid":{"rendered":"https:\/\/revenuesmiles.com\/revenuesmiles\/"},"modified":"2024-10-17T21:32:32","modified_gmt":"2024-10-17T19:32:32","slug":"revenuesmiles","status":"publish","type":"page","link":"https:\/\/revenuesmiles.com\/ca\/","title":{"rendered":"Revenuesmiles"},"content":{"rendered":"<div class=\"wpb-content-wrapper\">[vc_row css_animation=&#8221;&#8221; row_type=&#8221;row&#8221; use_row_as_full_screen_section=&#8221;no&#8221; type=&#8221;full_width&#8221; angled_section=&#8221;no&#8221; text_align=&#8221;left&#8221; background_image_as_pattern=&#8221;without_pattern&#8221; z_index=&#8221;&#8221;][vc_column][vc_row_inner row_type=&#8221;row&#8221; type=&#8221;full_width&#8221; text_align=&#8221;left&#8221; css_animation=&#8221;&#8221; css=&#8221;.vc_custom_1699388562112{background-image: url(https:\/\/revenuesmiles.com\/wp-content\/uploads\/2023\/11\/revenue-smiles-iolanda-calvo-1.jpg?id=276) !important;}&#8221; side_padding=&#8221;1&#8243;][vc_column_inner width=&#8221;1\/2&#8243;][\/vc_column_inner][vc_column_inner width=&#8221;1\/2&#8243;][vc_empty_space height=&#8221;250px&#8221;][vc_column_text]\n<h1 style=\"text-align: center;\">SOMRIURES QUE IMPULSEN ALLOTJAMENTS TUR\u00cdSTICS<\/h1>\n[\/vc_column_text][vc_empty_space height=&#8221;250px&#8221;][\/vc_column_inner][\/vc_row_inner][\/vc_column][\/vc_row][vc_row css_animation=&#8221;&#8221; row_type=&#8221;row&#8221; use_row_as_full_screen_section=&#8221;no&#8221; type=&#8221;full_width&#8221; angled_section=&#8221;no&#8221; text_align=&#8221;center&#8221; background_image_as_pattern=&#8221;without_pattern&#8221; z_index=&#8221;&#8221; side_padding=&#8221;6&#8243; css=&#8221;.vc_custom_1697749691571{background-color: #ffffff !important;}&#8221;][vc_column width=&#8221;1\/2&#8243;][vc_empty_space height=&#8221;120px&#8221;][vc_single_image image=&#8221;785&#8243; img_size=&#8221;large&#8221; alignment=&#8221;center&#8221; css=&#8221;&#8221; qode_css_animation=&#8221;&#8221;][vc_empty_space height=&#8221;90px&#8221;][vc_column_text]\n<h2 style=\"text-align: center;\"><em>&#8220;Junts aconseguirem impulsar la rendibilitat i sostenibilitat del teu allotjament, mentre gaudeixes del teu cam\u00ed cap a l&#8217;\u00e8xit&#8221;<\/em><\/h2>\n[\/vc_column_text][vc_empty_space height=&#8221;60px&#8221;][\/vc_column][vc_column width=&#8221;1\/2&#8243;][vc_empty_space height=&#8221;150px&#8221;][vc_column_text]\n<h3 style=\"text-align: center;\"><span style=\"color: #e20036;\"><strong><em>Revenue Smiles<\/em><\/strong><\/span>, on la felicitat i l&#8217;\u00e8xit s&#8217;uneixen al m\u00f3n hoteler.<\/h3>\n[\/vc_column_text][vc_empty_space height=&#8221;100px&#8221;][vc_column_text css=&#8221;&#8221;]\n<h4>La felicitat no la d\u00f3na els diners&#8230; o s\u00ed? A Revenue Smiles, creiem que la felicitat i l&#8217;\u00e8xit estan intr\u00ednsecament relacionats. T&#8217;ajudem a fer que el teu hotel sigui m\u00e9s rendible i sostenible, mentre fas feli\u00e7os els teus hostes i empleats i aix\u00ed, guanyem tots i totes!<\/h4>\n<p>&nbsp;<\/p>\n<h4>Descobreix com podem treballar junts per assolir els teus objectius. Continua llegint i descobreix el poder del somriure al teu negoci hoteler!<\/h4>\n<h4>Amb la meva experi\u00e8ncia a Revenue Management i Marketing Digital t&#8217;ofereixo solucions professionals que faran que el teu establiment brilli.<\/h4>\n<p>&nbsp;<\/p>\n<h4>Crec fermament que darrere de cada negoci exit\u00f3s hi ha persones felices. Per aix\u00f2 entenc que l&#8217;hoteleria \u00e9s m\u00e9s que xifres i estrat\u00e8gies; tracta de persones i somriures.<\/h4>\n<p>&nbsp;<\/p>\n<h4>El principal objectiu de Revenue Smiles \u00e9s FER-TE FELI\u00c7 A TU, HOTELER, il\u00b7luminant el teu cam\u00ed cap a l&#8217;\u00e8xit mentre impulsem el teu establiment.<\/h4>\n<p>&nbsp;<\/p>\n<h4>A punt per comen\u00e7ar a somriure m\u00e9s al teu negoci?<\/h4>\n<p>&nbsp;<\/p>\n<h4>Uneix-te a mi en aquest viatge, explora els meus serveis, forma part de la meva comunitat i descobreix com podem treballar junts per assolir els teus objectius.<\/h4>\n<p>&nbsp;<\/p>\n<h4>El teu cam\u00ed cap a la felicitat hotelera comen\u00e7a aqu\u00ed!<\/h4>\n[\/vc_column_text][vc_empty_space height=&#8221;100px&#8221;][\/vc_column][\/vc_row][vc_row css_animation=&#8221;&#8221; row_type=&#8221;row&#8221; use_row_as_full_screen_section=&#8221;no&#8221; type=&#8221;full_width&#8221; angled_section=&#8221;no&#8221; text_align=&#8221;center&#8221; background_image_as_pattern=&#8221;without_pattern&#8221; css=&#8221;.vc_custom_1696542192595{background-color: #e20036 !important;}&#8221; z_index=&#8221;&#8221;][vc_column][vc_empty_space height=&#8221;80px&#8221;]<a  itemprop=\"url\" href=\"https:\/\/revenuesmiles.com\/sonrie-conmigo\/\" target=\"_self\" data-hover-background-color=\"#000000\" data-hover-color=\"#e20036\" class=\"qbutton  big_large center enlarge\" style=\"color: #ffffff; border-radius: 12px;-moz-border-radius: 12px;-webkit-border-radius: 12px; background-color:#000000;\">SOMRIU AMB MI<i class=\"qode_icon_font_awesome fa fa-smile-o qode_button_icon_element\" style=\"color: #ffffff\"><\/i><\/a>[vc_empty_space height=&#8221;80px&#8221;][\/vc_column][\/vc_row][vc_row css_animation=&#8221;&#8221; row_type=&#8221;row&#8221; use_row_as_full_screen_section=&#8221;no&#8221; type=&#8221;full_width&#8221; angled_section=&#8221;no&#8221; text_align=&#8221;center&#8221; background_image_as_pattern=&#8221;without_pattern&#8221; z_index=&#8221;&#8221; side_padding=&#8221;7&#8243;][vc_column][vc_empty_space height=&#8221;50px&#8221;][vc_column_text]\n<h2 style=\"text-align: center;\">SOMRIURES D&#8217;\u00c8XIT<\/h2>\n[\/vc_column_text][vc_separator type=&#8221;normal&#8221; color=&#8221;#e20036&#8243;][vc_empty_space height=&#8221;40px&#8221;]<div class='testimonials_c_holder clearfix dark'><div class=\"testimonials_c testimonials_c_carousel\" data-show-navigation=\"yes\" data-animation-speed=\"\" data-auto-rotate-slides=\"3\" data-number-per-slide=\"1\"><ul class=\"slides\"><li id=\"testimonials-c-881\" class=\"testimonial_content\"><div class=\"testimonial_content_inner\"><div class=\"testimonial_text_holder\"><div class=\"testimonial_text_inner\" style=\"\"><p style=\"font-size:14pxpx\">El M\u00e9todo La Calvo est\u00e1 lleno de coraz\u00f3n, mezclado con mucha profesionalidad y humor. Ella entiende enseguida que necesita tu negocio y trabaja para incrementar los ingresos. Te acompa\u00f1a en todo momento y te ayuda a mejorarlo todo, con una poderosa sonrisa.\r\nPon La Calvo en tu vida y s\u00e9 m\u00e1s feliz.\r\n\r\nMacarena G. de Vega y Mar Ortega\r\nHotel Rural Molino de las Pilas<\/p><p class=\"testimonial_author\" style=\"font-size: 16pxpx;\">Macarena G. de Vega y Mar Ortega<\/p><\/div><\/div><\/div><\/li><li id=\"testimonials-c-644\" class=\"testimonial_content\"><div class=\"testimonial_content_inner\"><div class=\"testimonial_text_holder\"><div class=\"testimonial_text_inner\" style=\"\"><p style=\"font-size:14pxpx\">F\u00e1cil, la relaci\u00f3n con Iolanda es f\u00e1cil. Sabe leer perfectamente la filosof\u00eda de tu empresa y es capaz de optimizar el resultado de un trabajo al m\u00e1ximo. Llevar cualquier proyecto m\u00e1s all\u00e1 es su sello de identidad. Convierte ideas en grandes proyectos con resultados excelentes. Su capacidad anal\u00edtica es alucinante.<\/p><p class=\"testimonial_author\" style=\"font-size: 16pxpx;\">Dacil Rodriguez - Seven Revenue Rules <\/p><\/div><\/div><\/div><\/li><li id=\"testimonials-c-643\" class=\"testimonial_content\"><div class=\"testimonial_content_inner\"><div class=\"testimonial_text_holder\"><div class=\"testimonial_text_inner\" style=\"\"><p style=\"font-size:14pxpx\">\"Conocer a Iolanda es darse cuenta que a\u00fan existen personas con energ\u00eda especial y con pasi\u00f3n por lo que hace\"<br>\r\n\r\nSu expertise y trayectoria en el mundo hotelero y su constante formaci\u00f3n la convierten en un partner imprescindible. <br>\r\n\r\nSigue sonriendo Iolanda<\/p><p class=\"testimonial_author\" style=\"font-size: 16pxpx;\">V\u00cdCTOR MAYANS<\/p><\/div><\/div><\/div><\/li><li id=\"testimonials-c-642\" class=\"testimonial_content\"><div class=\"testimonial_content_inner\"><div class=\"testimonial_text_holder\"><div class=\"testimonial_text_inner\" style=\"\"><p style=\"font-size:14pxpx\">Llevaba m\u00e1s de 3 a\u00f1os, probando empresas de revenue, gente que dec\u00eda \u201cser profesional\u201d, y cuando conoc\u00ed a Iolanda, La Calvo, fue como ver la luz, el cielo y la soluci\u00f3n. Gracias a ella, he empezado a ganar dinero, a estar tranquila, a saber qu\u00e9 tengo a La Calvo conmigo y eso me produce una paz y tranquilidad incre\u00edble, a parte de todo lo que he dejado de perder!<br>\r\nAdem\u00e1s, siempre se preocupa de mi empresa, de mis necesidades y preocupaciones y la verdad, trabajar con ella, con su sonrisa y alegr\u00eda constante, totalmente pegadiza que hasta a los peores momentos, los convierte en mejores.<br>\r\nMuchas gracias por darme las alas que necesitaba! \r\nSi pones a una empresa como Revenue Smiles en tu vida , sabr\u00e1s realmente lo que es ser ; profesional<\/p><p class=\"testimonial_author\" style=\"font-size: 16pxpx;\">Maui GMallo (Mauter Villas Menorca)<\/p><\/div><\/div><\/div><\/li><\/ul><\/div><\/div>[vc_empty_space height=&#8221;50px&#8221;][\/vc_column][\/vc_row][vc_row css_animation=&#8221;&#8221; row_type=&#8221;row&#8221; use_row_as_full_screen_section=&#8221;no&#8221; type=&#8221;full_width&#8221; angled_section=&#8221;no&#8221; text_align=&#8221;center&#8221; background_image_as_pattern=&#8221;without_pattern&#8221; z_index=&#8221;&#8221; side_padding=&#8221;7&#8243;][vc_column][vc_empty_space height=&#8221;50px&#8221;][vc_column_text]\n<h2 style=\"text-align: center;\">\u00daLTIMES ENTRADES BLOG<\/h2>\n[\/vc_column_text][vc_separator type=&#8221;normal&#8221; color=&#8221;#e20036&#8243;][vc_empty_space height=&#8221;40px&#8221;]<div class='q_masonry_blog'><div class=\"q_masonry_blog_grid_sizer\"><\/div><div class=\"q_masonry_blog_grid_gutter\"><\/div><\/div>[vc_empty_space height=&#8221;50px&#8221;][\/vc_column][\/vc_row]\n<\/div>","protected":false},"excerpt":{"rendered":"<p>[vc_row css_animation=&#8221;&#8221; row_type=&#8221;row&#8221; use_row_as_full_screen_section=&#8221;no&#8221; type=&#8221;full_width&#8221; angled_section=&#8221;no&#8221; text_align=&#8221;left&#8221; background_image_as_pattern=&#8221;without_pattern&#8221; z_index=&#8221;&#8221;][vc_column][vc_row_inner row_type=&#8221;row&#8221; type=&#8221;full_width&#8221; text_align=&#8221;left&#8221; css_animation=&#8221;&#8221; css=&#8221;.vc_custom_1699388562112{background-image: url(https:\/\/revenuesmiles.com\/wp-content\/uploads\/2023\/11\/revenue-smiles-iolanda-calvo-1.jpg?id=276) !important;}&#8221; side_padding=&#8221;1&#8243;][vc_column_inner width=&#8221;1\/2&#8243;][\/vc_column_inner][vc_column_inner width=&#8221;1\/2&#8243;][vc_empty_space height=&#8221;250px&#8221;][vc_column_text] SOMRIURES QUE IMPULSEN ALLOTJAMENTS TUR\u00cdSTICS [\/vc_column_text][vc_empty_space height=&#8221;250px&#8221;][\/vc_column_inner][\/vc_row_inner][\/vc_column][\/vc_row][vc_row css_animation=&#8221;&#8221; row_type=&#8221;row&#8221; use_row_as_full_screen_section=&#8221;no&#8221; type=&#8221;full_width&#8221; angled_section=&#8221;no&#8221; text_align=&#8221;center&#8221; background_image_as_pattern=&#8221;without_pattern&#8221; z_index=&#8221;&#8221; side_padding=&#8221;6&#8243; css=&#8221;.vc_custom_1697749691571{background-color: #ffffff !important;}&#8221;][vc_column width=&#8221;1\/2&#8243;][vc_empty_space height=&#8221;120px&#8221;][vc_single_image image=&#8221;785&#8243; img_size=&#8221;large&#8221; alignment=&#8221;center&#8221; css=&#8221;&#8221;&#8230;<\/p>\n","protected":false},"author":1,"featured_media":509,"parent":0,"menu_order":0,"comment_status":"closed","ping_status":"closed","template":"full_width.php","meta":{"footnotes":""},"class_list":["post-633","page","type-page","status-publish","has-post-thumbnail","hentry"],"yoast_head":"<!-- This site is optimized with the Yoast SEO plugin v27.4 - https:\/\/yoast.com\/product\/yoast-seo-wordpress\/ -->\n<title>Revenuesmiles - Revenuesmiles<\/title>\n<meta name=\"description\" content=\"Revenuesmiles potencia la felicitat i l&#039;\u00e8xit d&#039;hotelers independents a trav\u00e9s de Revenue Management i Marketing Digital, impulsant la rendibilitat i la sostenibilitat del negoci.\" \/>\n<meta name=\"robots\" content=\"index, follow, max-snippet:-1, max-image-preview:large, max-video-preview:-1\" \/>\n<link rel=\"canonical\" href=\"https:\/\/revenuesmiles.com\/ca\/\" \/>\n<meta property=\"og:locale\" content=\"ca_ES\" \/>\n<meta property=\"og:type\" content=\"article\" \/>\n<meta property=\"og:title\" content=\"Revenuesmiles - Revenuesmiles\" \/>\n<meta property=\"og:description\" content=\"Revenuesmiles potencia la felicitat i l&#039;\u00e8xit d&#039;hotelers independents a trav\u00e9s de Revenue Management i Marketing Digital, impulsant la rendibilitat i la sostenibilitat del negoci.\" \/>\n<meta property=\"og:url\" content=\"https:\/\/revenuesmiles.com\/ca\/\" \/>\n<meta property=\"og:site_name\" content=\"Revenuesmiles\" \/>\n<meta property=\"article:publisher\" content=\"https:\/\/www.facebook.com\/lacaaalvo\" \/>\n<meta property=\"article:modified_time\" content=\"2024-10-17T19:32:32+00:00\" \/>\n<meta property=\"og:image\" content=\"https:\/\/revenuesmiles.com\/wp-content\/uploads\/2023\/10\/revenuesmiles-logo.png\" \/>\n\t<meta property=\"og:image:width\" content=\"300\" \/>\n\t<meta property=\"og:image:height\" content=\"143\" \/>\n\t<meta property=\"og:image:type\" content=\"image\/png\" \/>\n<meta name=\"twitter:card\" content=\"summary_large_image\" \/>\n<meta name=\"twitter:label1\" content=\"Temps estimat de lectura\" \/>\n\t<meta name=\"twitter:data1\" content=\"3 minuts\" \/>\n<script type=\"application\/ld+json\" class=\"yoast-schema-graph\">{\"@context\":\"https:\\\/\\\/schema.org\",\"@graph\":[{\"@type\":\"WebPage\",\"@id\":\"https:\\\/\\\/revenuesmiles.com\\\/ca\\\/\",\"url\":\"https:\\\/\\\/revenuesmiles.com\\\/ca\\\/\",\"name\":\"Revenuesmiles - Revenuesmiles\",\"isPartOf\":{\"@id\":\"https:\\\/\\\/revenuesmiles.com\\\/ca\\\/#website\"},\"primaryImageOfPage\":{\"@id\":\"https:\\\/\\\/revenuesmiles.com\\\/ca\\\/#primaryimage\"},\"image\":{\"@id\":\"https:\\\/\\\/revenuesmiles.com\\\/ca\\\/#primaryimage\"},\"thumbnailUrl\":\"https:\\\/\\\/revenuesmiles.com\\\/wp-content\\\/uploads\\\/2023\\\/10\\\/revenuesmiles-logo.png\",\"datePublished\":\"2023-11-20T19:49:50+00:00\",\"dateModified\":\"2024-10-17T19:32:32+00:00\",\"description\":\"Revenuesmiles potencia la felicitat i l'\u00e8xit d'hotelers independents a trav\u00e9s de Revenue Management i Marketing Digital, impulsant la rendibilitat i la sostenibilitat del negoci.\",\"breadcrumb\":{\"@id\":\"https:\\\/\\\/revenuesmiles.com\\\/ca\\\/#breadcrumb\"},\"inLanguage\":\"ca\",\"potentialAction\":[{\"@type\":\"ReadAction\",\"target\":[\"https:\\\/\\\/revenuesmiles.com\\\/ca\\\/\"]}]},{\"@type\":\"ImageObject\",\"inLanguage\":\"ca\",\"@id\":\"https:\\\/\\\/revenuesmiles.com\\\/ca\\\/#primaryimage\",\"url\":\"https:\\\/\\\/revenuesmiles.com\\\/wp-content\\\/uploads\\\/2023\\\/10\\\/revenuesmiles-logo.png\",\"contentUrl\":\"https:\\\/\\\/revenuesmiles.com\\\/wp-content\\\/uploads\\\/2023\\\/10\\\/revenuesmiles-logo.png\",\"width\":300,\"height\":143},{\"@type\":\"BreadcrumbList\",\"@id\":\"https:\\\/\\\/revenuesmiles.com\\\/ca\\\/#breadcrumb\",\"itemListElement\":[{\"@type\":\"ListItem\",\"position\":1,\"name\":\"Portada\",\"item\":\"https:\\\/\\\/revenuesmiles.com\\\/ca\\\/\"},{\"@type\":\"ListItem\",\"position\":2,\"name\":\"Revenuesmiles\"}]},{\"@type\":\"WebSite\",\"@id\":\"https:\\\/\\\/revenuesmiles.com\\\/ca\\\/#website\",\"url\":\"https:\\\/\\\/revenuesmiles.com\\\/ca\\\/\",\"name\":\"Revenuesmiles\",\"description\":\"Potencio la felicidad y el \u00e9xito de hoteleros independientes a trav\u00e9s de estrategias de Revenue Management y Marketing Digital, generando sonrisas mientras impulsamos la rentabilidad y sostenibilidad del negocio.\",\"publisher\":{\"@id\":\"https:\\\/\\\/revenuesmiles.com\\\/ca\\\/#\\\/schema\\\/person\\\/2676b96366c18f508dad1bddeaae7953\"},\"potentialAction\":[{\"@type\":\"SearchAction\",\"target\":{\"@type\":\"EntryPoint\",\"urlTemplate\":\"https:\\\/\\\/revenuesmiles.com\\\/ca\\\/?s={search_term_string}\"},\"query-input\":{\"@type\":\"PropertyValueSpecification\",\"valueRequired\":true,\"valueName\":\"search_term_string\"}}],\"inLanguage\":\"ca\"},{\"@type\":[\"Person\",\"Organization\"],\"@id\":\"https:\\\/\\\/revenuesmiles.com\\\/ca\\\/#\\\/schema\\\/person\\\/2676b96366c18f508dad1bddeaae7953\",\"name\":\"Iolanda\",\"image\":{\"@type\":\"ImageObject\",\"inLanguage\":\"ca\",\"@id\":\"https:\\\/\\\/revenuesmiles.com\\\/wp-content\\\/uploads\\\/2023\\\/10\\\/revenuesmiles-logo.png\",\"url\":\"https:\\\/\\\/revenuesmiles.com\\\/wp-content\\\/uploads\\\/2023\\\/10\\\/revenuesmiles-logo.png\",\"contentUrl\":\"https:\\\/\\\/revenuesmiles.com\\\/wp-content\\\/uploads\\\/2023\\\/10\\\/revenuesmiles-logo.png\",\"width\":300,\"height\":143,\"caption\":\"Iolanda\"},\"logo\":{\"@id\":\"https:\\\/\\\/revenuesmiles.com\\\/wp-content\\\/uploads\\\/2023\\\/10\\\/revenuesmiles-logo.png\"},\"sameAs\":[\"http:\\\/\\\/revenuesmiles.com\",\"https:\\\/\\\/www.facebook.com\\\/lacaaalvo\",\"https:\\\/\\\/www.instagram.com\\\/la___calvo\\\/\",\"www.linkedin.com\\\/in\\\/iolandacalvo\"]}]}<\/script>\n<!-- \/ Yoast SEO plugin. -->","yoast_head_json":{"title":"Revenuesmiles - Revenuesmiles","description":"Revenuesmiles potencia la felicitat i l'\u00e8xit d'hotelers independents a trav\u00e9s de Revenue Management i Marketing Digital, impulsant la rendibilitat i la sostenibilitat del negoci.","robots":{"index":"index","follow":"follow","max-snippet":"max-snippet:-1","max-image-preview":"max-image-preview:large","max-video-preview":"max-video-preview:-1"},"canonical":"https:\/\/revenuesmiles.com\/ca\/","og_locale":"ca_ES","og_type":"article","og_title":"Revenuesmiles - Revenuesmiles","og_description":"Revenuesmiles potencia la felicitat i l'\u00e8xit d'hotelers independents a trav\u00e9s de Revenue Management i Marketing Digital, impulsant la rendibilitat i la sostenibilitat del negoci.","og_url":"https:\/\/revenuesmiles.com\/ca\/","og_site_name":"Revenuesmiles","article_publisher":"https:\/\/www.facebook.com\/lacaaalvo","article_modified_time":"2024-10-17T19:32:32+00:00","og_image":[{"width":300,"height":143,"url":"https:\/\/revenuesmiles.com\/wp-content\/uploads\/2023\/10\/revenuesmiles-logo.png","type":"image\/png"}],"twitter_card":"summary_large_image","twitter_misc":{"Temps estimat de lectura":"3 minuts"},"schema":{"@context":"https:\/\/schema.org","@graph":[{"@type":"WebPage","@id":"https:\/\/revenuesmiles.com\/ca\/","url":"https:\/\/revenuesmiles.com\/ca\/","name":"Revenuesmiles - Revenuesmiles","isPartOf":{"@id":"https:\/\/revenuesmiles.com\/ca\/#website"},"primaryImageOfPage":{"@id":"https:\/\/revenuesmiles.com\/ca\/#primaryimage"},"image":{"@id":"https:\/\/revenuesmiles.com\/ca\/#primaryimage"},"thumbnailUrl":"https:\/\/revenuesmiles.com\/wp-content\/uploads\/2023\/10\/revenuesmiles-logo.png","datePublished":"2023-11-20T19:49:50+00:00","dateModified":"2024-10-17T19:32:32+00:00","description":"Revenuesmiles potencia la felicitat i l'\u00e8xit d'hotelers independents a trav\u00e9s de Revenue Management i Marketing Digital, impulsant la rendibilitat i la sostenibilitat del negoci.","breadcrumb":{"@id":"https:\/\/revenuesmiles.com\/ca\/#breadcrumb"},"inLanguage":"ca","potentialAction":[{"@type":"ReadAction","target":["https:\/\/revenuesmiles.com\/ca\/"]}]},{"@type":"ImageObject","inLanguage":"ca","@id":"https:\/\/revenuesmiles.com\/ca\/#primaryimage","url":"https:\/\/revenuesmiles.com\/wp-content\/uploads\/2023\/10\/revenuesmiles-logo.png","contentUrl":"https:\/\/revenuesmiles.com\/wp-content\/uploads\/2023\/10\/revenuesmiles-logo.png","width":300,"height":143},{"@type":"BreadcrumbList","@id":"https:\/\/revenuesmiles.com\/ca\/#breadcrumb","itemListElement":[{"@type":"ListItem","position":1,"name":"Portada","item":"https:\/\/revenuesmiles.com\/ca\/"},{"@type":"ListItem","position":2,"name":"Revenuesmiles"}]},{"@type":"WebSite","@id":"https:\/\/revenuesmiles.com\/ca\/#website","url":"https:\/\/revenuesmiles.com\/ca\/","name":"Revenuesmiles","description":"Potencio la felicidad y el \u00e9xito de hoteleros independientes a trav\u00e9s de estrategias de Revenue Management y Marketing Digital, generando sonrisas mientras impulsamos la rentabilidad y sostenibilidad del negocio.","publisher":{"@id":"https:\/\/revenuesmiles.com\/ca\/#\/schema\/person\/2676b96366c18f508dad1bddeaae7953"},"potentialAction":[{"@type":"SearchAction","target":{"@type":"EntryPoint","urlTemplate":"https:\/\/revenuesmiles.com\/ca\/?s={search_term_string}"},"query-input":{"@type":"PropertyValueSpecification","valueRequired":true,"valueName":"search_term_string"}}],"inLanguage":"ca"},{"@type":["Person","Organization"],"@id":"https:\/\/revenuesmiles.com\/ca\/#\/schema\/person\/2676b96366c18f508dad1bddeaae7953","name":"Iolanda","image":{"@type":"ImageObject","inLanguage":"ca","@id":"https:\/\/revenuesmiles.com\/wp-content\/uploads\/2023\/10\/revenuesmiles-logo.png","url":"https:\/\/revenuesmiles.com\/wp-content\/uploads\/2023\/10\/revenuesmiles-logo.png","contentUrl":"https:\/\/revenuesmiles.com\/wp-content\/uploads\/2023\/10\/revenuesmiles-logo.png","width":300,"height":143,"caption":"Iolanda"},"logo":{"@id":"https:\/\/revenuesmiles.com\/wp-content\/uploads\/2023\/10\/revenuesmiles-logo.png"},"sameAs":["http:\/\/revenuesmiles.com","https:\/\/www.facebook.com\/lacaaalvo","https:\/\/www.instagram.com\/la___calvo\/","www.linkedin.com\/in\/iolandacalvo"]}]}},"_links":{"self":[{"href":"https:\/\/revenuesmiles.com\/ca\/wp-json\/wp\/v2\/pages\/633","targetHints":{"allow":["GET"]}}],"collection":[{"href":"https:\/\/revenuesmiles.com\/ca\/wp-json\/wp\/v2\/pages"}],"about":[{"href":"https:\/\/revenuesmiles.com\/ca\/wp-json\/wp\/v2\/types\/page"}],"author":[{"embeddable":true,"href":"https:\/\/revenuesmiles.com\/ca\/wp-json\/wp\/v2\/users\/1"}],"replies":[{"embeddable":true,"href":"https:\/\/revenuesmiles.com\/ca\/wp-json\/wp\/v2\/comments?post=633"}],"version-history":[{"count":5,"href":"https:\/\/revenuesmiles.com\/ca\/wp-json\/wp\/v2\/pages\/633\/revisions"}],"predecessor-version":[{"id":912,"href":"https:\/\/revenuesmiles.com\/ca\/wp-json\/wp\/v2\/pages\/633\/revisions\/912"}],"wp:featuredmedia":[{"embeddable":true,"href":"https:\/\/revenuesmiles.com\/ca\/wp-json\/wp\/v2\/media\/509"}],"wp:attachment":[{"href":"https:\/\/revenuesmiles.com\/ca\/wp-json\/wp\/v2\/media?parent=633"}],"curies":[{"name":"wp","href":"https:\/\/api.w.org\/{rel}","templated":true}]}}